{"id":5224,"date":"2022-10-10T15:31:55","date_gmt":"2022-10-10T13:31:55","guid":{"rendered":"https:\/\/erlebnisland-mathematik.de\/?page_id=5224"},"modified":"2024-02-21T15:29:49","modified_gmt":"2024-02-21T14:29:49","slug":"informace-pro-navstevniky","status":"publish","type":"page","link":"https:\/\/erlebnisland-mathematik.de\/cs\/informace-pro-navstevniky\/","title":{"rendered":"Informace pro n\u00e1v\u0161t\u011bvn\u00edky"},"content":{"rendered":"<div class=\"wpb-content-wrapper\"><p>[vc_row][vc_column][vc_column_text]<\/p>\n<div>\n<div class=\"oeefnungszeiten\">\n<h4>Otev\u00edrac\u00ed doba a vstupn\u00e9<\/h4>\n<p>\u00fater\u00fd \u2013 p\u00e1tek: 9:00 &#8211; 17:00 hod<br \/>\nsobota, ned\u011ble a sv\u00e1tky: 10:00 &#8211; 18:00 hod<\/p>\n<p><strong>Dal\u0161\u00ed den otev\u0159en\u00ed:<\/strong><br \/>\nMo 30.10. 9 &#8211; 17 hod<\/p>\n<p>vstupn\u00e9: 5 eur \/ sn\u00ed\u017een\u00e9 vstupn\u00e9: 4 eura<\/p>\n<p>Pro skupiny, rodinn\u00e9 vstupn\u00e9, prohl\u00eddky, povolen\u00ed k fotografov\u00e1n\u00ed a nat\u00e1\u010den\u00ed plat\u00ed ceny odli\u0161n\u00e9.<\/p>\n<\/div>\n<div class=\"fottermenu\">\n<div class=\"emfooternav\"><\/div>\n<\/div>\n<\/div>\n<div>\n<div class=\"anschrift\">\n<h4>Adresa<\/h4>\n<p>Erlebnisland Mathematik<br \/>\nTechnische Sammlungen Dresden<br \/>\nJunghansstra\u00dfe 1-3<br \/>\n01277 Dresden<\/p>\n<\/div>\n<div class=\"bersucherservice\">\n<h4>Servis pro n\u00e1v\u0161t\u011bvn\u00edky<\/h4>\n<p>+49 351 \u2013 488 7272 | <a title=\"Kontakt E-Mail Adresse des Erlebnisland Mathematik\" href=\"to\" target=\"_blank\" rel=\"noopener\">service@museen-dresden.de<\/a><\/p>\n<\/div>\n<\/div>\n<p>[\/vc_column_text][\/vc_column][\/vc_row]<\/p>\n<\/div>","protected":false},"excerpt":{"rendered":"<p>[vc_row][vc_column][vc_column_text] Otev\u00edrac\u00ed doba a vstupn\u00e9 \u00fater\u00fd \u2013 p\u00e1tek: 9:00 &#8211; 17:00 hod sobota, ned\u011ble a sv\u00e1tky: 10:00 &#8211; 18:00 hod Dal\u0161\u00ed den otev\u0159en\u00ed: Mo 30.10. 9 &#8211; 17 hod vstupn\u00e9: 5 eur \/ sn\u00ed\u017een\u00e9 vstupn\u00e9: 4 eura Pro skupiny, rodinn\u00e9 vstupn\u00e9, prohl\u00eddky, povolen\u00ed k fotografov\u00e1n\u00ed a nat\u00e1\u010den\u00ed plat\u00ed ceny odli\u0161n\u00e9. Adresa Erlebnisland Mathematik Technische Sammlungen <a href=\"https:\/\/erlebnisland-mathematik.de\/cs\/informace-pro-navstevniky\/\" class=\"more-link\">&#8230;<span class=\"screen-reader-text\">  Informace pro n\u00e1v\u0161t\u011bvn\u00edky<\/span><\/a><\/p>\n","protected":false},"author":2,"featured_media":0,"parent":0,"menu_order":0,"comment_status":"closed","ping_status":"closed","template":"","meta":{"_acf_changed":false,"footnotes":""},"folder":[],"class_list":["post-5224","page","type-page","status-publish","hentry"],"acf":[],"_links":{"self":[{"href":"https:\/\/erlebnisland-mathematik.de\/cs\/wp-json\/wp\/v2\/pages\/5224","targetHints":{"allow":["GET"]}}],"collection":[{"href":"https:\/\/erlebnisland-mathematik.de\/cs\/wp-json\/wp\/v2\/pages"}],"about":[{"href":"https:\/\/erlebnisland-mathematik.de\/cs\/wp-json\/wp\/v2\/types\/page"}],"author":[{"embeddable":true,"href":"https:\/\/erlebnisland-mathematik.de\/cs\/wp-json\/wp\/v2\/users\/2"}],"replies":[{"embeddable":true,"href":"https:\/\/erlebnisland-mathematik.de\/cs\/wp-json\/wp\/v2\/comments?post=5224"}],"version-history":[{"count":3,"href":"https:\/\/erlebnisland-mathematik.de\/cs\/wp-json\/wp\/v2\/pages\/5224\/revisions"}],"predecessor-version":[{"id":5227,"href":"https:\/\/erlebnisland-mathematik.de\/cs\/wp-json\/wp\/v2\/pages\/5224\/revisions\/5227"}],"wp:attachment":[{"href":"https:\/\/erlebnisland-mathematik.de\/cs\/wp-json\/wp\/v2\/media?parent=5224"}],"wp:term":[{"taxonomy":"folder","embeddable":true,"href":"https:\/\/erlebnisland-mathematik.de\/cs\/wp-json\/wp\/v2\/folder?post=5224"}],"curies":[{"name":"wp","href":"https:\/\/api.w.org\/{rel}","templated":true}]}}