{"id":5228,"date":"2022-08-10T14:27:05","date_gmt":"2022-08-10T12:27:05","guid":{"rendered":"https:\/\/erlebnisland-mathematik.de\/?page_id=5228"},"modified":"2025-03-31T09:08:58","modified_gmt":"2025-03-31T07:08:58","slug":"kontaktujte-nas","status":"publish","type":"page","link":"https:\/\/erlebnisland-mathematik.de\/cs\/kontaktujte-nas\/","title":{"rendered":"Kontakt"},"content":{"rendered":"<div class=\"wpb-content-wrapper\"><p>[vc_row drowwidth=&#8220;sidebar-biest-4 sidebar-biest&#8220;][vc_column width=&#8220;2\/3&#8243;][vc_column_text]<\/p>\n<h1>Kontakt<\/h1>\n<p>[\/vc_column_text][\/vc_column][vc_column width=&#8220;1\/3&#8243;][vc_column_text]<\/p>\n<h2>Adresa<\/h2>\n<p>Erlebnisland Mathematik<br \/>\nTechnische Sammlungen Dresden<br \/>\nJunghansstra\u00dfe 1-3<br \/>\n01277 Dresden[\/vc_column_text][vc_column_text]<\/p>\n<h2>Servis pro n\u00e1v\u0161t\u011bvn\u00edky<\/h2>\n<p>+49 351 &#8211; 488 7272<br \/>\n<a href=\"mailto:service@museen-dresden.de\">service@museen-dresden.de<\/a>[\/vc_column_text][\/vc_column][\/vc_row]<\/p>\n<\/div>","protected":false},"excerpt":{"rendered":"<p>[vc_row drowwidth=&#8220;sidebar-biest-4 sidebar-biest&#8220;][vc_column width=&#8220;2\/3&#8243;][vc_column_text] Kontakt [\/vc_column_text][\/vc_column][vc_column width=&#8220;1\/3&#8243;][vc_column_text] Adresa Erlebnisland Mathematik Technische Sammlungen Dresden Junghansstra\u00dfe 1-3 01277 Dresden[\/vc_column_text][vc_column_text] Servis pro n\u00e1v\u0161t\u011bvn\u00edky +49 351 &#8211; 488 7272 service@museen-dresden.de[\/vc_column_text][\/vc_column][\/vc_row]<\/p>\n","protected":false},"author":1,"featured_media":0,"parent":0,"menu_order":0,"comment_status":"closed","ping_status":"closed","template":"","meta":{"_acf_changed":false,"footnotes":""},"folder":[],"class_list":["post-5228","page","type-page","status-publish","hentry"],"acf":[],"_links":{"self":[{"href":"https:\/\/erlebnisland-mathematik.de\/cs\/wp-json\/wp\/v2\/pages\/5228","targetHints":{"allow":["GET"]}}],"collection":[{"href":"https:\/\/erlebnisland-mathematik.de\/cs\/wp-json\/wp\/v2\/pages"}],"about":[{"href":"https:\/\/erlebnisland-mathematik.de\/cs\/wp-json\/wp\/v2\/types\/page"}],"author":[{"embeddable":true,"href":"https:\/\/erlebnisland-mathematik.de\/cs\/wp-json\/wp\/v2\/users\/1"}],"replies":[{"embeddable":true,"href":"https:\/\/erlebnisland-mathematik.de\/cs\/wp-json\/wp\/v2\/comments?post=5228"}],"version-history":[{"count":11,"href":"https:\/\/erlebnisland-mathematik.de\/cs\/wp-json\/wp\/v2\/pages\/5228\/revisions"}],"predecessor-version":[{"id":6031,"href":"https:\/\/erlebnisland-mathematik.de\/cs\/wp-json\/wp\/v2\/pages\/5228\/revisions\/6031"}],"wp:attachment":[{"href":"https:\/\/erlebnisland-mathematik.de\/cs\/wp-json\/wp\/v2\/media?parent=5228"}],"wp:term":[{"taxonomy":"folder","embeddable":true,"href":"https:\/\/erlebnisland-mathematik.de\/cs\/wp-json\/wp\/v2\/folder?post=5228"}],"curies":[{"name":"wp","href":"https:\/\/api.w.org\/{rel}","templated":true}]}}