{"id":5234,"date":"2022-09-07T10:53:48","date_gmt":"2022-09-07T08:53:48","guid":{"rendered":"https:\/\/erlebnisland-mathematik.de\/?page_id=5234"},"modified":"2024-02-21T15:01:28","modified_gmt":"2024-02-21T14:01:28","slug":"zeme-dobrodruzne-matematiky-bez-hranic","status":"publish","type":"page","link":"https:\/\/erlebnisland-mathematik.de\/cs\/zeme-dobrodruzne-matematiky-bez-hranic\/","title":{"rendered":"Zem\u011b dobrodru\u017en\u00e9 matematiky bez hranic"},"content":{"rendered":"<div class=\"wpb-content-wrapper\"><p>[vc_row drowwidth=&#8220;sidebar-biest-default sidebar-biest&#8220;][vc_column][vc_column_text]<\/p>\n<h1><strong>Zem\u011b dobrodru\u017en\u00e9 matematiky bez hranic<\/strong><\/h1>\n<p>Zem\u011b dobrodru\u017en\u00e9 matematiky je jedninou v\u00fdstavou v\u00a0Dr\u00e1\u017e\u010fanech, kter\u00e1 je kompletn\u011b k\u00a0dipozici i v\u00a0\u010desk\u00e9m jazyce. D\u00edky heslu \u201ematematiky je mezin\u00e1rodn\u00ed\u201c mohou i \u010desk\u00e9 skoln\u00ed skupiny objevovat expon\u00e1ty a jednotliv\u00e9 koutky. Krom jin\u00e9ho usnad\u0148uj\u00ed matematick\u00e1 znam\u00e9nka a symboly porozum\u011bn\u00ed a odbour\u00e1vaj\u00ed tak jazykovou bri\u00e9ru. Napi\u0161te n\u00e1m, pom\u016f\u017eeme V\u00e1m s pl\u00e1nov\u00e1n\u00edm n\u00e1v\u0161t\u011bvy na\u0161\u00ed v\u00fdstavy.[\/vc_column_text][\/vc_column][\/vc_row]<\/p>\n<\/div>","protected":false},"excerpt":{"rendered":"<p>[vc_row drowwidth=&#8220;sidebar-biest-default sidebar-biest&#8220;][vc_column][vc_column_text] Zem\u011b dobrodru\u017en\u00e9 matematiky bez hranic Zem\u011b dobrodru\u017en\u00e9 matematiky je jedninou v\u00fdstavou v\u00a0Dr\u00e1\u017e\u010fanech, kter\u00e1 je kompletn\u011b k\u00a0dipozici i v\u00a0\u010desk\u00e9m jazyce. D\u00edky heslu \u201ematematiky je mezin\u00e1rodn\u00ed\u201c mohou i \u010desk\u00e9 skoln\u00ed skupiny objevovat expon\u00e1ty a jednotliv\u00e9 koutky. Krom jin\u00e9ho usnad\u0148uj\u00ed matematick\u00e1 znam\u00e9nka a symboly porozum\u011bn\u00ed a odbour\u00e1vaj\u00ed tak jazykovou bri\u00e9ru. Napi\u0161te n\u00e1m, pom\u016f\u017eeme V\u00e1m s <a href=\"https:\/\/erlebnisland-mathematik.de\/cs\/zeme-dobrodruzne-matematiky-bez-hranic\/\" class=\"more-link\">&#8230;<span class=\"screen-reader-text\">  Zem\u011b dobrodru\u017en\u00e9 matematiky bez hranic<\/span><\/a><\/p>\n","protected":false},"author":2,"featured_media":0,"parent":0,"menu_order":0,"comment_status":"closed","ping_status":"closed","template":"","meta":{"_acf_changed":false,"footnotes":""},"folder":[],"class_list":["post-5234","page","type-page","status-publish","hentry"],"acf":[],"_links":{"self":[{"href":"https:\/\/erlebnisland-mathematik.de\/cs\/wp-json\/wp\/v2\/pages\/5234","targetHints":{"allow":["GET"]}}],"collection":[{"href":"https:\/\/erlebnisland-mathematik.de\/cs\/wp-json\/wp\/v2\/pages"}],"about":[{"href":"https:\/\/erlebnisland-mathematik.de\/cs\/wp-json\/wp\/v2\/types\/page"}],"author":[{"embeddable":true,"href":"https:\/\/erlebnisland-mathematik.de\/cs\/wp-json\/wp\/v2\/users\/2"}],"replies":[{"embeddable":true,"href":"https:\/\/erlebnisland-mathematik.de\/cs\/wp-json\/wp\/v2\/comments?post=5234"}],"version-history":[{"count":6,"href":"https:\/\/erlebnisland-mathematik.de\/cs\/wp-json\/wp\/v2\/pages\/5234\/revisions"}],"predecessor-version":[{"id":5260,"href":"https:\/\/erlebnisland-mathematik.de\/cs\/wp-json\/wp\/v2\/pages\/5234\/revisions\/5260"}],"wp:attachment":[{"href":"https:\/\/erlebnisland-mathematik.de\/cs\/wp-json\/wp\/v2\/media?parent=5234"}],"wp:term":[{"taxonomy":"folder","embeddable":true,"href":"https:\/\/erlebnisland-mathematik.de\/cs\/wp-json\/wp\/v2\/folder?post=5234"}],"curies":[{"name":"wp","href":"https:\/\/api.w.org\/{rel}","templated":true}]}}