{"id":5240,"date":"2022-09-13T11:13:26","date_gmt":"2022-09-13T09:13:26","guid":{"rendered":"https:\/\/erlebnisland-mathematik.de\/?page_id=5240"},"modified":"2024-02-22T11:12:42","modified_gmt":"2024-02-22T10:12:42","slug":"o-nas","status":"publish","type":"page","link":"https:\/\/erlebnisland-mathematik.de\/cs\/o-nas\/","title":{"rendered":"O n\u00e1s"},"content":{"rendered":"<div class=\"wpb-content-wrapper\"><p>[vc_row drowwidth=&#8220;sidebar-biest-default sidebar-biest&#8220;][vc_column][vc_column_text]<\/p>\n<h1><strong>O n\u00e1s<\/strong><\/h1>\n<p>Erlebnisland Mathematik je v\u00fdsledkem kooperace Technick\u00fdch sb\u00edrek v\u00a0Dr\u00e1\u017e\u010fanech (Technische Sammlungen Dresden) spolu se studijn\u00edm oborem matematika na Technick\u00e9 univerzit\u011b v Dr\u00e1\u017e\u010fanech (Technische Universit\u00e4t Dresden). Tato kooperace za\u010dala v roce 2008 a od t\u00e9 doby pokra\u010duje. Odborn\u00fdmi \u0159editeli v\u00fdstavy jsou pan\u00ed prof. dr. Andrea Hoffkamp, pan prof. dr. Andreas Thom a pan prof. dr. Bernhard Ganter, vedouc\u00ed ze strany Technick\u00fdch sb\u00edrek je pan magistr Holger Seifert.<\/p>\n<p>[\/vc_column_text][vc_column_text]<\/p>\n<h4>Vznik Zem\u011b dobrodru\u017en\u00e9 matematiky<\/h4>\n<p>Na\u0161e v\u00fdstava vznikla v Technick\u00fdch sb\u00edrk\u00e1ch v Dr\u00e1\u017e\u010fanech jako samostatn\u00fd koncept <em>\u201ematematiky na dotek\u201c<\/em> pod veden\u00edm odborn\u00fdch \u0159editel\u016f ve spolupr\u00e1ci s Matematickou fakultou. Vzorem bylo tzv.<a href=\"http:\/\/www.mathematikum.de\/\" target=\"_blank\" rel=\"noopener\"> Mathematikum<\/a> v Gie\u00dfenu postaven\u00e9 a veden\u00e9 panem prof.dr. Beutelspacherem. V\u00fdstavba Zem\u011b dobrodru\u017en\u00e9 matematiky byla v\u00a0letech 2008-2011 dotov\u00e1na vysokou \u010d\u00e1stkou z\u00a0prost\u0159edk\u016f\u00a0<a class=\"\" href=\"http:\/\/www.sachsen-macht-schule.de\/smk\" target=\"_blank\" rel=\"noopener\">S\u00e4chsischen Staatsministeriums f\u00fcr Kultus<\/a>.[\/vc_column_text][vc_column_text]<\/p>\n<h4>P\u0158\u00cdZNIVCI ZEM\u011a DOBRODRU\u017dN\u00c9 MATEMATIKY<\/h4>\n<p>&#8222;Dobrodru\u017en\u00e1 zem\u011b matematiky&#8220; v Dr\u00e1\u017e\u010fanech mohla vzniknout a m\u016f\u017ee nad\u00e1le existovat d\u00edky finan\u010dn\u00ed, duchovn\u00ed, \u010dinorod\u00e9 a tak\u00e9 kritick\u00e9 pomoci mnoha osob a instituc\u00ed. Krom\u011b toho je tak\u00e9 odk\u00e1z\u00e1na na va\u0161e p\u0159\u00edsp\u011bvky a podporu, v\u00edce se dozv\u00edte pod heslem <a class=\"\" href=\"https:\/\/erlebnisland-mathematik.de\/cs\/podpurny-spolek\/\">F\u00f6rderverein<\/a>.[\/vc_column_text][\/vc_column][\/vc_row]<\/p>\n<\/div>","protected":false},"excerpt":{"rendered":"<p>[vc_row drowwidth=&#8220;sidebar-biest-default sidebar-biest&#8220;][vc_column][vc_column_text] O n\u00e1s Erlebnisland Mathematik je v\u00fdsledkem kooperace Technick\u00fdch sb\u00edrek v\u00a0Dr\u00e1\u017e\u010fanech (Technische Sammlungen Dresden) spolu se studijn\u00edm oborem matematika na Technick\u00e9 univerzit\u011b v Dr\u00e1\u017e\u010fanech (Technische Universit\u00e4t Dresden). Tato kooperace za\u010dala v roce 2008 a od t\u00e9 doby pokra\u010duje. Odborn\u00fdmi \u0159editeli v\u00fdstavy jsou pan\u00ed prof. dr. Andrea Hoffkamp, pan prof. dr. Andreas Thom a <a href=\"https:\/\/erlebnisland-mathematik.de\/cs\/o-nas\/\" class=\"more-link\">&#8230;<span class=\"screen-reader-text\">  O n\u00e1s<\/span><\/a><\/p>\n","protected":false},"author":2,"featured_media":0,"parent":0,"menu_order":0,"comment_status":"closed","ping_status":"closed","template":"","meta":{"_acf_changed":false,"footnotes":""},"folder":[],"class_list":["post-5240","page","type-page","status-publish","hentry"],"acf":[],"_links":{"self":[{"href":"https:\/\/erlebnisland-mathematik.de\/cs\/wp-json\/wp\/v2\/pages\/5240","targetHints":{"allow":["GET"]}}],"collection":[{"href":"https:\/\/erlebnisland-mathematik.de\/cs\/wp-json\/wp\/v2\/pages"}],"about":[{"href":"https:\/\/erlebnisland-mathematik.de\/cs\/wp-json\/wp\/v2\/types\/page"}],"author":[{"embeddable":true,"href":"https:\/\/erlebnisland-mathematik.de\/cs\/wp-json\/wp\/v2\/users\/2"}],"replies":[{"embeddable":true,"href":"https:\/\/erlebnisland-mathematik.de\/cs\/wp-json\/wp\/v2\/comments?post=5240"}],"version-history":[{"count":14,"href":"https:\/\/erlebnisland-mathematik.de\/cs\/wp-json\/wp\/v2\/pages\/5240\/revisions"}],"predecessor-version":[{"id":5305,"href":"https:\/\/erlebnisland-mathematik.de\/cs\/wp-json\/wp\/v2\/pages\/5240\/revisions\/5305"}],"wp:attachment":[{"href":"https:\/\/erlebnisland-mathematik.de\/cs\/wp-json\/wp\/v2\/media?parent=5240"}],"wp:term":[{"taxonomy":"folder","embeddable":true,"href":"https:\/\/erlebnisland-mathematik.de\/cs\/wp-json\/wp\/v2\/folder?post=5240"}],"curies":[{"name":"wp","href":"https:\/\/api.w.org\/{rel}","templated":true}]}}