{"id":5246,"date":"2022-09-07T10:54:28","date_gmt":"2022-09-07T08:54:28","guid":{"rendered":"https:\/\/erlebnisland-mathematik.de\/?page_id=5246"},"modified":"2024-02-21T14:52:29","modified_gmt":"2024-02-21T13:52:29","slug":"podpurny-spolek","status":"publish","type":"page","link":"https:\/\/erlebnisland-mathematik.de\/cs\/podpurny-spolek\/","title":{"rendered":"Podp\u016frn\u00fd spolek"},"content":{"rendered":"<div class=\"wpb-content-wrapper\"><p>[vc_row drowwidth=&#8220;sidebar-biest-default sidebar-biest&#8220;][vc_column][vc_column_text]<\/p>\n<h1 class=\"page-heading__title page-heading--title\"><strong>Podp\u016frn\u00fd spolek<\/strong><\/h1>\n<p>Chcete-li aktivn\u011b podpo\u0159it Zemi dobrodru\u017en\u00e9 matematiky,\u00a0 m\u016f\u017eete tak u\u010dinit za pomoci neziskov\u00e9ho spolku &#8222;<em>Verein zur F<\/em><em>\u00f6rderung des Erlebnislandes Mathematik Dresden e.V<\/em>.&#8220;<\/p>\n<p>\u00dakolem spolku je ide\u00e1ln\u00ed a finan\u010dn\u00ed podpora v\u00fdstavby a p\u00e9\u010de Zem\u011b dobrodru\u017en\u00e9 matematiky v\u00a0Technick\u00fdch sb\u00edrk\u00e1ch v\u00a0Dr\u00e1\u017e\u010fanech.<\/p>\n<p>P\u0159edsedou tohoto spolku je Dr. Hans-Otfried M\u00fcller.<\/p>\n<p>\u010c\u00edslo \u00fa\u010dtu, kam m\u016f\u017eete zas\u00edlat p\u0159\u00edsp\u011bvky pro zachov\u00e1n\u00ed a rozvoj Zem\u011b dobrodru\u017en\u00e9 matematiky je:<\/p>\n<p><strong>IBAN:<\/strong>\u00a0DE42 3506 0190 1627 4600 11<strong><br \/>\n<\/strong><strong>BIC:<\/strong>\u00a0GENODED1DKD<strong><br \/>\n<\/strong><strong>LKG Sachsen eG<\/strong>[\/vc_column_text][\/vc_column][\/vc_row]<\/p>\n<\/div>","protected":false},"excerpt":{"rendered":"<p>[vc_row drowwidth=&#8220;sidebar-biest-default sidebar-biest&#8220;][vc_column][vc_column_text] Podp\u016frn\u00fd spolek Chcete-li aktivn\u011b podpo\u0159it Zemi dobrodru\u017en\u00e9 matematiky,\u00a0 m\u016f\u017eete tak u\u010dinit za pomoci neziskov\u00e9ho spolku &#8222;Verein zur F\u00f6rderung des Erlebnislandes Mathematik Dresden e.V.&#8220; \u00dakolem spolku je ide\u00e1ln\u00ed a finan\u010dn\u00ed podpora v\u00fdstavby a p\u00e9\u010de Zem\u011b dobrodru\u017en\u00e9 matematiky v\u00a0Technick\u00fdch sb\u00edrk\u00e1ch v\u00a0Dr\u00e1\u017e\u010fanech. P\u0159edsedou tohoto spolku je Dr. Hans-Otfried M\u00fcller. \u010c\u00edslo \u00fa\u010dtu, kam m\u016f\u017eete zas\u00edlat p\u0159\u00edsp\u011bvky <a href=\"https:\/\/erlebnisland-mathematik.de\/cs\/podpurny-spolek\/\" class=\"more-link\">&#8230;<span class=\"screen-reader-text\">  Podp\u016frn\u00fd spolek<\/span><\/a><\/p>\n","protected":false},"author":2,"featured_media":0,"parent":0,"menu_order":0,"comment_status":"closed","ping_status":"closed","template":"","meta":{"_acf_changed":false,"footnotes":""},"folder":[],"class_list":["post-5246","page","type-page","status-publish","hentry"],"acf":[],"_links":{"self":[{"href":"https:\/\/erlebnisland-mathematik.de\/cs\/wp-json\/wp\/v2\/pages\/5246","targetHints":{"allow":["GET"]}}],"collection":[{"href":"https:\/\/erlebnisland-mathematik.de\/cs\/wp-json\/wp\/v2\/pages"}],"about":[{"href":"https:\/\/erlebnisland-mathematik.de\/cs\/wp-json\/wp\/v2\/types\/page"}],"author":[{"embeddable":true,"href":"https:\/\/erlebnisland-mathematik.de\/cs\/wp-json\/wp\/v2\/users\/2"}],"replies":[{"embeddable":true,"href":"https:\/\/erlebnisland-mathematik.de\/cs\/wp-json\/wp\/v2\/comments?post=5246"}],"version-history":[{"count":6,"href":"https:\/\/erlebnisland-mathematik.de\/cs\/wp-json\/wp\/v2\/pages\/5246\/revisions"}],"predecessor-version":[{"id":5257,"href":"https:\/\/erlebnisland-mathematik.de\/cs\/wp-json\/wp\/v2\/pages\/5246\/revisions\/5257"}],"wp:attachment":[{"href":"https:\/\/erlebnisland-mathematik.de\/cs\/wp-json\/wp\/v2\/media?parent=5246"}],"wp:term":[{"taxonomy":"folder","embeddable":true,"href":"https:\/\/erlebnisland-mathematik.de\/cs\/wp-json\/wp\/v2\/folder?post=5246"}],"curies":[{"name":"wp","href":"https:\/\/api.w.org\/{rel}","templated":true}]}}