{"id":5252,"date":"2022-09-07T10:54:41","date_gmt":"2022-09-07T08:54:41","guid":{"rendered":"https:\/\/erlebnisland-mathematik.de\/?page_id=5252"},"modified":"2024-02-21T14:51:46","modified_gmt":"2024-02-21T13:51:46","slug":"sponzori-a-priznivci","status":"publish","type":"page","link":"https:\/\/erlebnisland-mathematik.de\/cs\/sponzori-a-priznivci\/","title":{"rendered":"Sponzo\u0159i a p\u0159\u00edznivci"},"content":{"rendered":"<div class=\"wpb-content-wrapper\"><p>[vc_row drowwidth=&#8220;sidebar-biest-default sidebar-biest&#8220;][vc_column][vc_column_text]<\/p>\r\n<h1><\/h1>\r\n<h1><strong>Sponzo\u0159i a p\u0159\u00edznivci<\/strong><\/h1>\r\n<p>Zem\u011b dobrodru\u017en\u00e9 matematiky v Dr\u00e1\u017e\u010fanech byla z\u0159\u00edzen\u00e1 za podpory Svobodn\u00e9ho st\u00e1tu Saska. <a href=\"https:\/\/www.smk.sachsen.de\/\">Sask\u00e9ho st\u00e1tn\u00edko ministerstva kultu<\/a> podpo\u0159ilo t\u0159\u00edletou v\u00fdstavbu vysokou dotac\u00ed. Krom\u011b toho p\u0159isp\u011blo Hlavn\u00ed zemsk\u00e9 m\u011bsto Dr\u00e1\u017e\u010fany dal\u0161\u00edmi prost\u0159edky, ze kter\u00fdch byly zrenovov\u00e1ny prostory a z\u0159\u00edzena nutn\u00e1 muzejn\u00ed infrastruktura. Krom\u011b toho byly pou\u017eity i men\u0161\u00ed a v\u011bt\u0161\u00ed finan\u010dn\u00ed dary, m.j. od<\/p>\r\n<h1><\/h1>\r\n<p>[\/vc_column_text][vc_empty_space][vc_single_image image=&#8220;1463&#8243; img_size=&#8220;medium&#8220; alignment=&#8220;center&#8220;][\/vc_single_image][vc_empty_space][vc_single_image image=&#8220;1467&#8243; img_size=&#8220;medium&#8220; alignment=&#8220;center&#8220;][\/vc_single_image][vc_empty_space][vc_single_image image=&#8220;1455&#8243; img_size=&#8220;medium&#8220; alignment=&#8220;center&#8220;][\/vc_single_image][vc_empty_space][vc_single_image image=&#8220;1459&#8243; img_size=&#8220;medium&#8220; alignment=&#8220;center&#8220;][\/vc_single_image][vc_empty_space][vc_single_image image=&#8220;1471&#8243; img_size=&#8220;Medium&#8220; alignment=&#8220;center&#8220;][\/vc_single_image][\/vc_column][\/vc_row]<\/p><\/div>","protected":false},"excerpt":{"rendered":"<p>[vc_row drowwidth=&#8220;sidebar-biest-default sidebar-biest&#8220;][vc_column][vc_column_text] Sponzo\u0159i a p\u0159\u00edznivci Zem\u011b dobrodru\u017en\u00e9 matematiky v Dr\u00e1\u017e\u010fanech byla z\u0159\u00edzen\u00e1 za podpory Svobodn\u00e9ho st\u00e1tu Saska. Sask\u00e9ho st\u00e1tn\u00edko ministerstva kultu podpo\u0159ilo t\u0159\u00edletou v\u00fdstavbu vysokou dotac\u00ed. Krom\u011b toho p\u0159isp\u011blo Hlavn\u00ed zemsk\u00e9 m\u011bsto Dr\u00e1\u017e\u010fany dal\u0161\u00edmi prost\u0159edky, ze kter\u00fdch byly zrenovov\u00e1ny prostory a z\u0159\u00edzena nutn\u00e1 muzejn\u00ed infrastruktura. Krom\u011b toho byly pou\u017eity i men\u0161\u00ed a v\u011bt\u0161\u00ed finan\u010dn\u00ed <a href=\"https:\/\/erlebnisland-mathematik.de\/cs\/sponzori-a-priznivci\/\" class=\"more-link\">&#8230;<span class=\"screen-reader-text\">  Sponzo\u0159i a p\u0159\u00edznivci<\/span><\/a><\/p>\n","protected":false},"author":2,"featured_media":0,"parent":0,"menu_order":0,"comment_status":"closed","ping_status":"closed","template":"","meta":{"_acf_changed":false,"footnotes":""},"folder":[],"class_list":["post-5252","page","type-page","status-publish","hentry"],"acf":[],"_links":{"self":[{"href":"https:\/\/erlebnisland-mathematik.de\/cs\/wp-json\/wp\/v2\/pages\/5252","targetHints":{"allow":["GET"]}}],"collection":[{"href":"https:\/\/erlebnisland-mathematik.de\/cs\/wp-json\/wp\/v2\/pages"}],"about":[{"href":"https:\/\/erlebnisland-mathematik.de\/cs\/wp-json\/wp\/v2\/types\/page"}],"author":[{"embeddable":true,"href":"https:\/\/erlebnisland-mathematik.de\/cs\/wp-json\/wp\/v2\/users\/2"}],"replies":[{"embeddable":true,"href":"https:\/\/erlebnisland-mathematik.de\/cs\/wp-json\/wp\/v2\/comments?post=5252"}],"version-history":[{"count":4,"href":"https:\/\/erlebnisland-mathematik.de\/cs\/wp-json\/wp\/v2\/pages\/5252\/revisions"}],"predecessor-version":[{"id":5256,"href":"https:\/\/erlebnisland-mathematik.de\/cs\/wp-json\/wp\/v2\/pages\/5252\/revisions\/5256"}],"wp:attachment":[{"href":"https:\/\/erlebnisland-mathematik.de\/cs\/wp-json\/wp\/v2\/media?parent=5252"}],"wp:term":[{"taxonomy":"folder","embeddable":true,"href":"https:\/\/erlebnisland-mathematik.de\/cs\/wp-json\/wp\/v2\/folder?post=5252"}],"curies":[{"name":"wp","href":"https:\/\/api.w.org\/{rel}","templated":true}]}}