{"id":5271,"date":"2022-09-29T15:29:02","date_gmt":"2022-09-29T13:29:02","guid":{"rendered":"https:\/\/erlebnisland-mathematik.de\/?page_id=5271"},"modified":"2024-02-21T15:51:57","modified_gmt":"2024-02-21T14:51:57","slug":"zvetsit-pismo","status":"publish","type":"page","link":"https:\/\/erlebnisland-mathematik.de\/cs\/zvetsit-pismo\/","title":{"rendered":"Zv\u011bt\u0161it p\u00edsmo"},"content":{"rendered":"<div class=\"wpb-content-wrapper\"><p>[vc_row][vc_column][vc_column_text]<\/p>\n<div class=\"con\">\n<div class=\"modCon\">\n<div class=\"mod modA modParagraph\">\n<div class=\"boxCon\">\n<div class=\"box\">\n<p>V internetov\u00e9m prohl\u00ed\u017ee\u010di m\u016f\u017eete nastavit velikost p\u00edsma a celkovou velikost rozvr\u017een\u00ed str\u00e1nky. Obvykle existuje n\u011bkolik zp\u016fsob\u016f, jak to prov\u00e9st:<\/p>\n<h4>Panel nab\u00eddek prohl\u00ed\u017ee\u010de<\/h4>\n<p>Tuto mo\u017enost zpravidla najdete pod polo\u017ekou nab\u00eddky &#8222;Zobrazit&#8220;. V z\u00e1vislosti na prohl\u00ed\u017ee\u010di a jeho verzi najdete nastaven\u00ed pro zv\u011bt\u0161en\u00ed pod n\u00e1zvy jako &#8222;Velikost p\u00edsma&#8220;, &#8222;Velikost textu&#8220;, &#8222;Zv\u011bt\u0161en\u00ed&#8220;, &#8222;Faktor zv\u011bt\u0161en\u00ed&#8220; nebo &#8222;Velikost p\u00edsma&#8220;. N\u011bkter\u00e9 prohl\u00ed\u017ee\u010de zobrazuj\u00ed ve sv\u00e9 nab\u00eddce m\u00edsto v\u00fdrazu velk\u00e9 a mal\u00e9 p\u00edsmeno &#8222;A&#8220; pro p\u0159\u00edm\u00e9 zv\u011bt\u0161en\u00ed nebo zmen\u0161en\u00ed.<\/p>\n<h4>Kl\u00e1vesnice<\/h4>\n<p>Pou\u017eijte kombinaci kl\u00e1ves [ctrl] [+]. \u010c\u00edm \u010dast\u011bji na ni kliknete, t\u00edm v\u00edce se zobrazen\u00ed zv\u011bt\u0161\u00ed. Zv\u011bt\u0161en\u00ed m\u016f\u017eete zru\u0161it pomoc\u00ed kl\u00e1vesy [ctrl] [-].<\/p>\n<h4>Kl\u00e1vesnice a my\u0161<\/h4>\n<p>Stiskn\u011bte kl\u00e1vesu [ctrl] a pohybujte rolovac\u00edm kole\u010dkem my\u0161i. Jste-li u\u017eivatelem po\u010d\u00edta\u010de Mac, stiskn\u011bte m\u00edsto kl\u00e1vesy [ctrl] kl\u00e1vesu Apple.<\/p>\n<p>Ne v\u0161echny metody funguj\u00ed v ka\u017ed\u00e9m prohl\u00ed\u017ee\u010di\/verzi prohl\u00ed\u017ee\u010de, vyzkou\u0161ejte je. Mimochodem, nastaven\u00ed velikosti p\u00edsma pak plat\u00ed nejen pro webov\u00e9 str\u00e1nky ERLEBNSISLAND MATHEMATIK, ale pro v\u0161echny str\u00e1nky, na kter\u00e9 p\u0159istupujete. Zv\u011bt\u0161en\u00ed m\u016f\u017eete samoz\u0159ejm\u011b tak\u00e9 zru\u0161it.[\/vc_column_text][\/vc_column][\/vc_row]<\/p>\n<\/div>\n<\/div>\n<\/div>\n<\/div>\n<\/div>\n<\/div>","protected":false},"excerpt":{"rendered":"<p>[vc_row][vc_column][vc_column_text] V internetov\u00e9m prohl\u00ed\u017ee\u010di m\u016f\u017eete nastavit velikost p\u00edsma a celkovou velikost rozvr\u017een\u00ed str\u00e1nky. Obvykle existuje n\u011bkolik zp\u016fsob\u016f, jak to prov\u00e9st: Panel nab\u00eddek prohl\u00ed\u017ee\u010de Tuto mo\u017enost zpravidla najdete pod polo\u017ekou nab\u00eddky &#8222;Zobrazit&#8220;. V z\u00e1vislosti na prohl\u00ed\u017ee\u010di a jeho verzi najdete nastaven\u00ed pro zv\u011bt\u0161en\u00ed pod n\u00e1zvy jako &#8222;Velikost p\u00edsma&#8220;, &#8222;Velikost textu&#8220;, &#8222;Zv\u011bt\u0161en\u00ed&#8220;, &#8222;Faktor zv\u011bt\u0161en\u00ed&#8220; nebo &#8222;Velikost p\u00edsma&#8220;. <a href=\"https:\/\/erlebnisland-mathematik.de\/cs\/zvetsit-pismo\/\" class=\"more-link\">&#8230;<span class=\"screen-reader-text\">  Zv\u011bt\u0161it p\u00edsmo<\/span><\/a><\/p>\n","protected":false},"author":2,"featured_media":0,"parent":0,"menu_order":0,"comment_status":"closed","ping_status":"closed","template":"","meta":{"_acf_changed":false,"footnotes":""},"folder":[],"class_list":["post-5271","page","type-page","status-publish","hentry"],"acf":[],"_links":{"self":[{"href":"https:\/\/erlebnisland-mathematik.de\/cs\/wp-json\/wp\/v2\/pages\/5271","targetHints":{"allow":["GET"]}}],"collection":[{"href":"https:\/\/erlebnisland-mathematik.de\/cs\/wp-json\/wp\/v2\/pages"}],"about":[{"href":"https:\/\/erlebnisland-mathematik.de\/cs\/wp-json\/wp\/v2\/types\/page"}],"author":[{"embeddable":true,"href":"https:\/\/erlebnisland-mathematik.de\/cs\/wp-json\/wp\/v2\/users\/2"}],"replies":[{"embeddable":true,"href":"https:\/\/erlebnisland-mathematik.de\/cs\/wp-json\/wp\/v2\/comments?post=5271"}],"version-history":[{"count":8,"href":"https:\/\/erlebnisland-mathematik.de\/cs\/wp-json\/wp\/v2\/pages\/5271\/revisions"}],"predecessor-version":[{"id":5291,"href":"https:\/\/erlebnisland-mathematik.de\/cs\/wp-json\/wp\/v2\/pages\/5271\/revisions\/5291"}],"wp:attachment":[{"href":"https:\/\/erlebnisland-mathematik.de\/cs\/wp-json\/wp\/v2\/media?parent=5271"}],"wp:term":[{"taxonomy":"folder","embeddable":true,"href":"https:\/\/erlebnisland-mathematik.de\/cs\/wp-json\/wp\/v2\/folder?post=5271"}],"curies":[{"name":"wp","href":"https:\/\/api.w.org\/{rel}","templated":true}]}}