{"id":5344,"date":"2022-09-29T14:56:14","date_gmt":"2022-09-29T12:56:14","guid":{"rendered":"https:\/\/erlebnisland-mathematik.de\/?page_id=5344"},"modified":"2024-02-22T13:07:13","modified_gmt":"2024-02-22T12:07:13","slug":"zasady-ochrany-osobnich-udaju","status":"publish","type":"page","link":"https:\/\/erlebnisland-mathematik.de\/cs\/zasady-ochrany-osobnich-udaju\/","title":{"rendered":"Z\u00e1sady ochrany osobn\u00edch \u00fadaj\u016f"},"content":{"rendered":"<div class=\"wpb-content-wrapper\"><p>[vc_row][vc_column][vc_column_text]<\/p>\n<article class=\"one\">\n<div class=\" csc-default marginBottom10 noborder\">\n<div id=\"c649\" class=\"frame frame-default frame-type-text frame-layout-0\">\n<header>\n<h1>Z\u00e1sady ochrany osobn\u00edch \u00fadaj\u016f<\/h1>\n<\/header>\n<p>Muzea m\u011bsta Dr\u00e1\u017e\u010fany berou ochranu va\u0161ich osobn\u00edch \u00fadaj\u016f velmi v\u00e1\u017en\u011b. V n\u00e1sleduj\u00edc\u00edm textu vysv\u011btlujeme, jak s va\u0161imi \u00fadaji nakl\u00e1d\u00e1me a kde je shroma\u017e\u010fujeme.<\/p>\n<p>V souladu s ustanoven\u00edmi z\u00e1kona o ochran\u011b osobn\u00edch \u00fadaj\u016f jsme povinni pou\u017e\u00edvat va\u0161e osobn\u00ed \u00fadaje pouze k ur\u010den\u00e9mu \u00fa\u010delu. P\u0159ijali jsme technick\u00e1 a organiza\u010dn\u00ed opat\u0159en\u00ed, abychom tyto p\u0159edpisy dodr\u017eeli.<\/p>\n<h2>Nakl\u00e1d\u00e1n\u00ed s osobn\u00edmi \u00fadaji<\/h2>\n<p>Hlavn\u00edm \u00fa\u010delem va\u0161\u00ed n\u00e1v\u0161t\u011bvy na\u0161ich webov\u00fdch str\u00e1nek je informovat v\u00e1s o slu\u017eb\u00e1ch, kter\u00e9 nab\u00edz\u00ed spole\u010dnost ERLEBNISLAND MATHEMATIK. Krom\u011b toho n\u00e1m m\u016f\u017eete poskytnout sv\u00e9 osobn\u00ed \u00fadaje (nap\u0159. prost\u0159ednictv\u00edm e-mailu). Va\u0161e osobn\u00ed \u00fadaje budeme shroma\u017e\u010fovat pouze v p\u0159\u00edpad\u011b, \u017ee n\u00e1m je poskytnete p\u0159i odesl\u00e1n\u00ed kontaktn\u00edho formul\u00e1\u0159e nebo dotazu e-mailem. Va\u0161e \u00fadaje budou pou\u017eity pouze intern\u011b a ke konkr\u00e9tn\u00edmu \u00fa\u010delu &#8211; tj. ke zpracov\u00e1n\u00ed va\u0161eho dotazu, registrace nebo objedn\u00e1vky. Va\u0161e \u00fadaje uchov\u00e1v\u00e1me pouze do doby, ne\u017e je \u00fa\u010del spln\u011bn. Pot\u00e9 budou \u00fadaje vymaz\u00e1ny.<br \/>\nVa\u0161e \u00fadaje pou\u017e\u00edv\u00e1me pouze intern\u011b a nep\u0159ed\u00e1v\u00e1me je t\u0159et\u00edm stran\u00e1m. Upozor\u0148ujeme v\u0161ak, \u017ee p\u0159enos dat prost\u0159ednictv\u00edm ne\u0161ifrovan\u00e9ho e-mailov\u00e9ho provozu nen\u00ed stoprocentn\u011b bezpe\u010dn\u00fd a v\u017edy m\u016f\u017ee m\u00edt bezpe\u010dnostn\u00ed mezery. Nem\u016f\u017eeme proto zaru\u010dit stoprocentn\u00ed ochranu va\u0161ich \u00fadaj\u016f p\u0159ed p\u0159\u00edstupem t\u0159et\u00edch stran.<\/p>\n<h2>Pou\u017e\u00edv\u00e1n\u00ed soubor\u016f cookie<\/h2>\n<p>Soubory cookie pou\u017e\u00edv\u00e1me k anal\u00fdze p\u0159\u00edstupu u\u017eivatel\u016f na na\u0161e webov\u00e9 str\u00e1nky. Ty se ukl\u00e1daj\u00ed do va\u0161eho po\u010d\u00edta\u010de, kdy\u017e nav\u0161t\u00edv\u00edte na\u0161e webov\u00e9 str\u00e1nky. Takto z\u00edskan\u00e9 \u00fadaje, jako je doba p\u0159\u00edstupu a \u010das str\u00e1ven\u00fd na str\u00e1nk\u00e1ch, jsou ulo\u017eeny spolu s va\u0161\u00ed IP adresou na serverech, kter\u00e9 pou\u017e\u00edv\u00e1me, ale nejsou p\u0159ed\u00e1v\u00e1ny t\u0159et\u00edm stran\u00e1m. Ve sv\u00e9m prohl\u00ed\u017ee\u010di m\u016f\u017eete prov\u00e9st p\u0159\u00edslu\u0161n\u00e1 nastaven\u00ed, abyste odstranili st\u00e1vaj\u00edc\u00ed soubory cookie nebo zabr\u00e1nili jejich ukl\u00e1d\u00e1n\u00ed.<\/p>\n<h2>Va\u0161e pr\u00e1va<\/h2>\n<p>Zpracov\u00e1n\u00ed osobn\u00edch \u00fadaj\u016f prob\u00edh\u00e1 s va\u0161\u00edm souhlasem. V souladu s \u010dl. 13 odst. 2 GDPR EU jste informov\u00e1ni o n\u00e1sleduj\u00edc\u00edch pr\u00e1vech:<\/p>\n<ul>\n<li>K zachov\u00e1n\u00ed souhlasu nem\u016f\u017eete b\u00fdt nuceni ani na v\u00e1s nem\u016f\u017ee b\u00fdt vyv\u00edjen n\u00e1tlak.<\/li>\n<li>Sv\u016fj souhlas m\u016f\u017eete kdykoli odvolat. Po odvol\u00e1n\u00ed budou va\u0161e \u00fadaje vymaz\u00e1ny.<\/li>\n<li>V\u016f\u010di m\u011bstu Dr\u00e1\u017e\u010fany nebo p\u0159\u00edslu\u0161n\u00e9mu org\u00e1nu m\u00e1te n\u00e1sleduj\u00edc\u00ed pr\u00e1va: pr\u00e1vo na p\u0159\u00edstup podle \u010dl. 15 GDPR EU, pr\u00e1vo na opravu nep\u0159esn\u00fdch \u00fadaj\u016f podle \u010dl. 16 GDPR EU, pr\u00e1vo na v\u00fdmaz nebo pr\u00e1vo b\u00fdt zapomenut podle \u010dl. 17 GDPR EU a pr\u00e1vo na omezen\u00ed zpracov\u00e1n\u00ed podle \u010dl. 18 GDPR EU.<\/li>\n<li>M\u00e1te pr\u00e1vo podat st\u00ed\u017enost proti zpracov\u00e1n\u00ed va\u0161ich osobn\u00edch \u00fadaj\u016f u dozorov\u00e9ho \u00fa\u0159adu pro ochranu osobn\u00edch \u00fadaj\u016f v souladu s \u010dl. 77 EU GDPR.<\/li>\n<\/ul>\n<h2>Facebook<\/h2>\n<p>ERLEBNISLAND MATHEMATIK provozuje fanou\u0161kovskou str\u00e1nku na Facebooku. Ta je propojena s webov\u00fdmi str\u00e1nkami. Pokud kliknete na ikonu Facebooku, budete p\u0159esm\u011brov\u00e1ni na na\u0161i str\u00e1nku na Facebooku. Teprve pot\u00e9 v\u00e1\u0161 prohl\u00ed\u017ee\u010d nav\u00e1\u017ee spojen\u00ed s Facebookem a Facebook m\u016f\u017ee ulo\u017eit va\u0161i IP adresu. Informace o tom, jak Facebook shroma\u017e\u010fuje a ukl\u00e1d\u00e1 va\u0161e \u00fadaje, naleznete v z\u00e1sad\u00e1ch ochrany osobn\u00edch \u00fadaj\u016f spole\u010dnosti Facebook.: <a href=\"https:\/\/de-de.facebook.com\/policy.php\" target=\"_blank\" rel=\"noopener noreferrer\">https:\/\/de-de.facebook.com\/policy.php<\/a><\/p>\n<p>&nbsp;<\/p>\n<h2>Pov\u011b\u0159enec pro ochranu osobn\u00edch \u00fadaj\u016f<\/h2>\n<p>M\u00e1te-li jak\u00e9koli dotazy t\u00fdkaj\u00edc\u00ed se ochrany \u00fadaj\u016f ve spole\u010dnosti ERLEBNISLAND MATHEMATIK, obra\u0165te se na pov\u011b\u0159ence pro ochranu osobn\u00edch \u00fadaj\u016f m\u011bsta Dr\u00e1\u017e\u010fany:<\/p>\n<p>Po\u0161tovn\u00ed adresa: Dr\u00e1\u017e\u010fany Gesch\u00e4ftsbereich Oberb\u00fcrgermeister Datenschutzbeauftragter Postfach 12 00 20 01001 Dresden<\/p>\n<p>E-Mail: Datenschutzbeauftragter@dresden.de[\/vc_column_text][\/vc_column][\/vc_row]<\/p>\n<\/div>\n<\/div>\n<\/article>\n<\/div>","protected":false},"excerpt":{"rendered":"<p>[vc_row][vc_column][vc_column_text] Z\u00e1sady ochrany osobn\u00edch \u00fadaj\u016f Muzea m\u011bsta Dr\u00e1\u017e\u010fany berou ochranu va\u0161ich osobn\u00edch \u00fadaj\u016f velmi v\u00e1\u017en\u011b. V n\u00e1sleduj\u00edc\u00edm textu vysv\u011btlujeme, jak s va\u0161imi \u00fadaji nakl\u00e1d\u00e1me a kde je shroma\u017e\u010fujeme. V souladu s ustanoven\u00edmi z\u00e1kona o ochran\u011b osobn\u00edch \u00fadaj\u016f jsme povinni pou\u017e\u00edvat va\u0161e osobn\u00ed \u00fadaje pouze k ur\u010den\u00e9mu \u00fa\u010delu. P\u0159ijali jsme technick\u00e1 a organiza\u010dn\u00ed opat\u0159en\u00ed, abychom tyto <a href=\"https:\/\/erlebnisland-mathematik.de\/cs\/zasady-ochrany-osobnich-udaju\/\" class=\"more-link\">&#8230;<span class=\"screen-reader-text\">  Z\u00e1sady ochrany osobn\u00edch \u00fadaj\u016f<\/span><\/a><\/p>\n","protected":false},"author":2,"featured_media":0,"parent":0,"menu_order":0,"comment_status":"closed","ping_status":"closed","template":"","meta":{"_acf_changed":false,"footnotes":""},"folder":[],"class_list":["post-5344","page","type-page","status-publish","hentry"],"acf":[],"_links":{"self":[{"href":"https:\/\/erlebnisland-mathematik.de\/cs\/wp-json\/wp\/v2\/pages\/5344","targetHints":{"allow":["GET"]}}],"collection":[{"href":"https:\/\/erlebnisland-mathematik.de\/cs\/wp-json\/wp\/v2\/pages"}],"about":[{"href":"https:\/\/erlebnisland-mathematik.de\/cs\/wp-json\/wp\/v2\/types\/page"}],"author":[{"embeddable":true,"href":"https:\/\/erlebnisland-mathematik.de\/cs\/wp-json\/wp\/v2\/users\/2"}],"replies":[{"embeddable":true,"href":"https:\/\/erlebnisland-mathematik.de\/cs\/wp-json\/wp\/v2\/comments?post=5344"}],"version-history":[{"count":8,"href":"https:\/\/erlebnisland-mathematik.de\/cs\/wp-json\/wp\/v2\/pages\/5344\/revisions"}],"predecessor-version":[{"id":5357,"href":"https:\/\/erlebnisland-mathematik.de\/cs\/wp-json\/wp\/v2\/pages\/5344\/revisions\/5357"}],"wp:attachment":[{"href":"https:\/\/erlebnisland-mathematik.de\/cs\/wp-json\/wp\/v2\/media?parent=5344"}],"wp:term":[{"taxonomy":"folder","embeddable":true,"href":"https:\/\/erlebnisland-mathematik.de\/cs\/wp-json\/wp\/v2\/folder?post=5344"}],"curies":[{"name":"wp","href":"https:\/\/api.w.org\/{rel}","templated":true}]}}