{"id":5389,"date":"2022-10-04T13:59:09","date_gmt":"2022-10-04T11:59:09","guid":{"rendered":"https:\/\/erlebnisland-mathematik.de\/?page_id=5389"},"modified":"2024-02-22T15:25:54","modified_gmt":"2024-02-22T14:25:54","slug":"gernelernen","status":"publish","type":"page","link":"https:\/\/erlebnisland-mathematik.de\/cs\/gernelernen\/","title":{"rendered":"#r\u00e1diseu\u010d\u00edte"},"content":{"rendered":"<div class=\"wpb-content-wrapper\"><p>[vc_row][vc_column][vc_column_text]<\/p>\n<div class=\"teaserInfoWrapper\">\n<div class=\"shortInfos\">\n<h1><span class=\"headline\">#r\u00e1diseu\u010d\u00edte s MDR Wissen<\/span><\/h1>\n<\/div>\n<p class=\"teasertext\">\u0160kola byla na dlouhou dobu uzav\u0159ena kv\u016fli koronaviru, ale m\u016f\u017eete zde z\u00edskat znalosti, kter\u00e9 v\u00e1m pomohou zaz\u00e1\u0159it i po uzav\u0159en\u00ed \u0161koly. Videa jsou v n\u011bm\u010din\u011b<\/p>\n<\/div>\n<p>[\/vc_column_text][\/vc_column][\/vc_row][vc_row][vc_column][vc_column_text]Dobr\u00e1 zpr\u00e1va pro v\u0161echny, kte\u0159\u00ed se pr\u00e1v\u011b p\u0159ipravuj\u00ed na zkou\u0161ky z matematiky:\u00a0V\u0161e se \u0159\u00edd\u00ed z\u00e1kony logiky. \u017d\u00e1dn\u00e1 nep\u0159\u00edjemn\u00e1 p\u0159ekvapen\u00ed? V\u0161e ostatn\u00ed od profesora Andrease Thom!<\/p>\n<p><a href=\"https:\/\/www.youtube.com\/watch?v=m0jHyhiMF9E\">Pod\u00edvejte se na video<\/a>[\/vc_column_text][\/vc_column][\/vc_row][vc_row][vc_column][vc_column_text]Archim\u00e9des pracoval s \u010d\u00edslem p\u00ed p\u0159ed v\u00edce ne\u017e 2200 lety, po\u010d\u00edta\u010de Google v roce 2019 vypo\u010d\u00edtaly 31,4 bilionu \u010d\u00edslic &#8211; rekord! Profesor Andreas Thom v\u00e1s zavede do sv\u011bta nejz\u00e1hadn\u011bj\u0161\u00edho \u010d\u00edsla ze v\u0161ech.<\/p>\n<p><a href=\"https:\/\/youtu.be\/hct8QPDs1yE\">Pod\u00edvejte se na video<\/a>[\/vc_column_text][\/vc_column][\/vc_row][vc_row][vc_column][vc_column_text]Prvo\u010d\u00edsla jsou v matematice nositeli tajemstv\u00ed. T\u00e9m\u011b\u0159 v\u0161echny modern\u00ed \u0161ifrovac\u00ed metody jsou zalo\u017eeny na prvo\u010d\u00edslech. Zaj\u00edm\u00e1 v\u00e1s to? Pak se pod\u00edvejte na na\u0161e video s Prof. Dr. Andreasem Thomem.<\/p>\n<p><a href=\"https:\/\/youtu.be\/8D-f8VYliBQ\">Pod\u00edvejte se na video<\/a>[\/vc_column_text][\/vc_column][\/vc_row][vc_row][vc_column][vc_column_text]Slova jako &#8222;n\u00e1hoda&#8220; nebo &#8222;osud&#8220; jsou pro matematiky vlastn\u011b protimluv. V na\u0161em videu v\u00e1m Prof. Dr. Andreas Thom \u0159ekne, co se d\u00e1 \u0159\u00edct o n\u00e1hod\u00e1ch z matematick\u00e9ho hlediska.<\/p>\n<p><a href=\"https:\/\/youtu.be\/GMWiPwgpnxc\">Pod\u00edvejte se na video<\/a>[\/vc_column_text][\/vc_column][\/vc_row]<\/p>\n<\/div>","protected":false},"excerpt":{"rendered":"<p>[vc_row][vc_column][vc_column_text] #r\u00e1diseu\u010d\u00edte s MDR Wissen \u0160kola byla na dlouhou dobu uzav\u0159ena kv\u016fli koronaviru, ale m\u016f\u017eete zde z\u00edskat znalosti, kter\u00e9 v\u00e1m pomohou zaz\u00e1\u0159it i po uzav\u0159en\u00ed \u0161koly. Videa jsou v n\u011bm\u010din\u011b [\/vc_column_text][\/vc_column][\/vc_row][vc_row][vc_column][vc_column_text]Dobr\u00e1 zpr\u00e1va pro v\u0161echny, kte\u0159\u00ed se pr\u00e1v\u011b p\u0159ipravuj\u00ed na zkou\u0161ky z matematiky:\u00a0V\u0161e se \u0159\u00edd\u00ed z\u00e1kony logiky. \u017d\u00e1dn\u00e1 nep\u0159\u00edjemn\u00e1 p\u0159ekvapen\u00ed? V\u0161e ostatn\u00ed od profesora Andrease Thom! <a href=\"https:\/\/erlebnisland-mathematik.de\/cs\/gernelernen\/\" class=\"more-link\">&#8230;<span class=\"screen-reader-text\">  #r\u00e1diseu\u010d\u00edte<\/span><\/a><\/p>\n","protected":false},"author":2,"featured_media":0,"parent":0,"menu_order":0,"comment_status":"closed","ping_status":"closed","template":"","meta":{"_acf_changed":false,"footnotes":""},"folder":[],"class_list":["post-5389","page","type-page","status-publish","hentry"],"acf":[],"_links":{"self":[{"href":"https:\/\/erlebnisland-mathematik.de\/cs\/wp-json\/wp\/v2\/pages\/5389","targetHints":{"allow":["GET"]}}],"collection":[{"href":"https:\/\/erlebnisland-mathematik.de\/cs\/wp-json\/wp\/v2\/pages"}],"about":[{"href":"https:\/\/erlebnisland-mathematik.de\/cs\/wp-json\/wp\/v2\/types\/page"}],"author":[{"embeddable":true,"href":"https:\/\/erlebnisland-mathematik.de\/cs\/wp-json\/wp\/v2\/users\/2"}],"replies":[{"embeddable":true,"href":"https:\/\/erlebnisland-mathematik.de\/cs\/wp-json\/wp\/v2\/comments?post=5389"}],"version-history":[{"count":9,"href":"https:\/\/erlebnisland-mathematik.de\/cs\/wp-json\/wp\/v2\/pages\/5389\/revisions"}],"predecessor-version":[{"id":5414,"href":"https:\/\/erlebnisland-mathematik.de\/cs\/wp-json\/wp\/v2\/pages\/5389\/revisions\/5414"}],"wp:attachment":[{"href":"https:\/\/erlebnisland-mathematik.de\/cs\/wp-json\/wp\/v2\/media?parent=5389"}],"wp:term":[{"taxonomy":"folder","embeddable":true,"href":"https:\/\/erlebnisland-mathematik.de\/cs\/wp-json\/wp\/v2\/folder?post=5389"}],"curies":[{"name":"wp","href":"https:\/\/api.w.org\/{rel}","templated":true}]}}