{"id":5402,"date":"2022-08-05T09:23:43","date_gmt":"2022-08-05T07:23:43","guid":{"rendered":"https:\/\/erlebnisland-mathematik.de\/?page_id=5402"},"modified":"2024-02-22T15:29:49","modified_gmt":"2024-02-22T14:29:49","slug":"hloubkove-texty","status":"publish","type":"page","link":"https:\/\/erlebnisland-mathematik.de\/cs\/hloubkove-texty\/","title":{"rendered":"Hloubkov\u00e9 texty"},"content":{"rendered":"<div class=\"wpb-content-wrapper\"><p>[vc_row][vc_column width=&#8220;2\/3&#8243;][vc_column_text]<\/p>\n<h1>Hloubkov\u00e9 texty<\/h1>\n<p>Mo\u017en\u00e1 byste cht\u011bli do matematiky proniknout je\u0161t\u011b hloub\u011bji. Pak jsou pro v\u00e1s hloubkov\u00e9 texty t\u00edm prav\u00fdm m\u00edstem. Najdete zde matematick\u00e9 a historick\u00e9 informace o mnoha expon\u00e1tech. Texty jsou neust\u00e1le dopl\u0148ov\u00e1ny o nov\u00e9. Nev\u00e1hejte se tedy v budoucnu znovu zastavit.[\/vc_column_text][vc_row_inner][vc_column_inner width=&#8220;1\/2&#8243;][vc_column_text]<\/p>\n<p>Hlub\u0161\u00ed texty se st\u00e1le p\u0159ekl\u00e1daj\u00ed.<\/p>\n<p>[\/vc_column_text][\/vc_column][\/vc_row]<\/p>\n<\/div>","protected":false},"excerpt":{"rendered":"<p>[vc_row][vc_column width=&#8220;2\/3&#8243;][vc_column_text] Hloubkov\u00e9 texty Mo\u017en\u00e1 byste cht\u011bli do matematiky proniknout je\u0161t\u011b hloub\u011bji. Pak jsou pro v\u00e1s hloubkov\u00e9 texty t\u00edm prav\u00fdm m\u00edstem. Najdete zde matematick\u00e9 a historick\u00e9 informace o mnoha expon\u00e1tech. Texty jsou neust\u00e1le dopl\u0148ov\u00e1ny o nov\u00e9. Nev\u00e1hejte se tedy v budoucnu znovu zastavit.[\/vc_column_text][vc_row_inner][vc_column_inner width=&#8220;1\/2&#8243;][vc_column_text] Hlub\u0161\u00ed texty se st\u00e1le p\u0159ekl\u00e1daj\u00ed. [\/vc_column_text][\/vc_column][\/vc_row]<\/p>\n","protected":false},"author":1,"featured_media":0,"parent":0,"menu_order":0,"comment_status":"closed","ping_status":"closed","template":"","meta":{"_acf_changed":false,"footnotes":""},"folder":[],"class_list":["post-5402","page","type-page","status-publish","hentry"],"acf":[],"_links":{"self":[{"href":"https:\/\/erlebnisland-mathematik.de\/cs\/wp-json\/wp\/v2\/pages\/5402","targetHints":{"allow":["GET"]}}],"collection":[{"href":"https:\/\/erlebnisland-mathematik.de\/cs\/wp-json\/wp\/v2\/pages"}],"about":[{"href":"https:\/\/erlebnisland-mathematik.de\/cs\/wp-json\/wp\/v2\/types\/page"}],"author":[{"embeddable":true,"href":"https:\/\/erlebnisland-mathematik.de\/cs\/wp-json\/wp\/v2\/users\/1"}],"replies":[{"embeddable":true,"href":"https:\/\/erlebnisland-mathematik.de\/cs\/wp-json\/wp\/v2\/comments?post=5402"}],"version-history":[{"count":10,"href":"https:\/\/erlebnisland-mathematik.de\/cs\/wp-json\/wp\/v2\/pages\/5402\/revisions"}],"predecessor-version":[{"id":5416,"href":"https:\/\/erlebnisland-mathematik.de\/cs\/wp-json\/wp\/v2\/pages\/5402\/revisions\/5416"}],"wp:attachment":[{"href":"https:\/\/erlebnisland-mathematik.de\/cs\/wp-json\/wp\/v2\/media?parent=5402"}],"wp:term":[{"taxonomy":"folder","embeddable":true,"href":"https:\/\/erlebnisland-mathematik.de\/cs\/wp-json\/wp\/v2\/folder?post=5402"}],"curies":[{"name":"wp","href":"https:\/\/api.w.org\/{rel}","templated":true}]}}