{"id":5471,"date":"2022-09-07T10:52:44","date_gmt":"2022-09-07T08:52:44","guid":{"rendered":"https:\/\/erlebnisland-mathematik.de\/?page_id=5471"},"modified":"2024-02-22T15:59:29","modified_gmt":"2024-02-22T14:59:29","slug":"epsilon","status":"publish","type":"page","link":"https:\/\/erlebnisland-mathematik.de\/cs\/epsilon\/","title":{"rendered":"Epsilon"},"content":{"rendered":"<div class=\"wpb-content-wrapper\"><p>[vc_row drowwidth=&#8220;sidebar-biest-default sidebar-biest&#8220;][vc_column][vc_column_text]<\/p>\n<section class=\"page-heading\" role=\"heading\">\n<div class=\"container\">\n<div class=\"row\">\n<div class=\"page-heading__title-section page-heading--title-section section-title\">\n<h1 class=\"page-heading__title page-heading--title\">Epsilon<\/h1>\n<\/div>\n<\/div>\n<\/div>\n<\/section>\n<div class=\"container default-margin post-formatting\">\n<p>V \u03b5psilonu, dobrodru\u017en\u00e9 zemi pro nejmen\u0161\u00ed, mohou d\u011bti ve v\u011bku od 3 do 8 let objevovat sv\u011bt kolem sebe jin\u00fdm zp\u016fsobem ve vlastn\u00ed expozici. Hravou a esteticky p\u0159ita\u017elivou formou z\u00edskaj\u00ed prvotn\u00ed p\u0159\u00edstup k matematick\u00fdm objekt\u016fm, jako jsou \u010d\u00edsla, tvary, struktury a vzory. Tento prostor si m\u016f\u017eete tak\u00e9 rezervovat pro svou skupinu nebo t\u0159\u00eddu, sta\u010d\u00ed kontaktovat n\u00e1\u0161 n\u00e1v\u0161t\u011bvnick\u00fd servis.<\/p>\n<\/div>\n<p>[\/vc_column_text][\/vc_column][\/vc_row][vc_row][vc_column][vc_single_image image=&#8220;1426&#8243; alignment=&#8220;center&#8220;][\/vc_single_image][\/vc_column][\/vc_row]<\/p>\n<\/div>","protected":false},"excerpt":{"rendered":"<p>[vc_row drowwidth=&#8220;sidebar-biest-default sidebar-biest&#8220;][vc_column][vc_column_text] Epsilon V \u03b5psilonu, dobrodru\u017en\u00e9 zemi pro nejmen\u0161\u00ed, mohou d\u011bti ve v\u011bku od 3 do 8 let objevovat sv\u011bt kolem sebe jin\u00fdm zp\u016fsobem ve vlastn\u00ed expozici. Hravou a esteticky p\u0159ita\u017elivou formou z\u00edskaj\u00ed prvotn\u00ed p\u0159\u00edstup k matematick\u00fdm objekt\u016fm, jako jsou \u010d\u00edsla, tvary, struktury a vzory. Tento prostor si m\u016f\u017eete tak\u00e9 rezervovat pro svou skupinu <a href=\"https:\/\/erlebnisland-mathematik.de\/cs\/epsilon\/\" class=\"more-link\">&#8230;<span class=\"screen-reader-text\">  Epsilon<\/span><\/a><\/p>\n","protected":false},"author":2,"featured_media":0,"parent":0,"menu_order":0,"comment_status":"closed","ping_status":"closed","template":"","meta":{"_acf_changed":false,"footnotes":""},"folder":[],"class_list":["post-5471","page","type-page","status-publish","hentry"],"acf":[],"_links":{"self":[{"href":"https:\/\/erlebnisland-mathematik.de\/cs\/wp-json\/wp\/v2\/pages\/5471","targetHints":{"allow":["GET"]}}],"collection":[{"href":"https:\/\/erlebnisland-mathematik.de\/cs\/wp-json\/wp\/v2\/pages"}],"about":[{"href":"https:\/\/erlebnisland-mathematik.de\/cs\/wp-json\/wp\/v2\/types\/page"}],"author":[{"embeddable":true,"href":"https:\/\/erlebnisland-mathematik.de\/cs\/wp-json\/wp\/v2\/users\/2"}],"replies":[{"embeddable":true,"href":"https:\/\/erlebnisland-mathematik.de\/cs\/wp-json\/wp\/v2\/comments?post=5471"}],"version-history":[{"count":8,"href":"https:\/\/erlebnisland-mathematik.de\/cs\/wp-json\/wp\/v2\/pages\/5471\/revisions"}],"predecessor-version":[{"id":5479,"href":"https:\/\/erlebnisland-mathematik.de\/cs\/wp-json\/wp\/v2\/pages\/5471\/revisions\/5479"}],"wp:attachment":[{"href":"https:\/\/erlebnisland-mathematik.de\/cs\/wp-json\/wp\/v2\/media?parent=5471"}],"wp:term":[{"taxonomy":"folder","embeddable":true,"href":"https:\/\/erlebnisland-mathematik.de\/cs\/wp-json\/wp\/v2\/folder?post=5471"}],"curies":[{"name":"wp","href":"https:\/\/api.w.org\/{rel}","templated":true}]}}