{"id":5481,"date":"2022-09-23T14:40:43","date_gmt":"2022-09-23T12:40:43","guid":{"rendered":"https:\/\/erlebnisland-mathematik.de\/?page_id=5481"},"modified":"2024-02-22T16:05:44","modified_gmt":"2024-02-22T15:05:44","slug":"mathslive","status":"publish","type":"page","link":"https:\/\/erlebnisland-mathematik.de\/cs\/mathslive\/","title":{"rendered":"MathsLive"},"content":{"rendered":"<div class=\"wpb-content-wrapper\"><p>[vc_row drowwidth=&#8220;sidebar-biest-2 sidebar-biest&#8220;][vc_column width=&#8220;2\/3&#8243;][vc_column_text]<\/p>\n<h1>MathsLive<\/h1>\n<p>MathsLive &#8211; to jsou na\u0161e kr\u00e1tk\u00e9 prohl\u00eddky expon\u00e1t\u016f v Adventurelandu. Chcete se dozv\u011bd\u011bt v\u00edce, zjistit v\u00edce o pozad\u00ed nebo prohloubit sv\u00e9 zku\u0161enosti? Pak sledujte tabuli oznamuj\u00edc\u00ed kr\u00e1tk\u00e9 komentovan\u00e9 prohl\u00eddky nebo se obra\u0165te na pomocn\u00edky v Adventurelandu.<\/p>\n<p>Kr\u00e1tk\u00e9 komentovan\u00e9 prohl\u00eddky se konaj\u00ed ka\u017ed\u00fd den, jejich \u010dasy najdete na tabuli v ERLEBNISLAND MATHEMATIK.[\/vc_column_text][\/vc_column][vc_column width=&#8220;1\/3&#8243;][vc_column_text]<\/p>\n<h2>Registrace<\/h2>\n<p>Na nab\u00eddky MathsLive se nemus\u00edte registrovat, jedn\u00e1 se o otev\u0159en\u00e9 nab\u00eddky b\u011bhem v\u00fdstavy. P\u0159edstaven\u00ed se obvykle kon\u00e1 v n\u011bm\u010din\u011b.[\/vc_column_text][vc_empty_space height=&#8220;300px&#8220;][\/vc_column][\/vc_row]<\/p>\n<\/div>","protected":false},"excerpt":{"rendered":"<p>[vc_row drowwidth=&#8220;sidebar-biest-2 sidebar-biest&#8220;][vc_column width=&#8220;2\/3&#8243;][vc_column_text] MathsLive MathsLive &#8211; to jsou na\u0161e kr\u00e1tk\u00e9 prohl\u00eddky expon\u00e1t\u016f v Adventurelandu. Chcete se dozv\u011bd\u011bt v\u00edce, zjistit v\u00edce o pozad\u00ed nebo prohloubit sv\u00e9 zku\u0161enosti? Pak sledujte tabuli oznamuj\u00edc\u00ed kr\u00e1tk\u00e9 komentovan\u00e9 prohl\u00eddky nebo se obra\u0165te na pomocn\u00edky v Adventurelandu. Kr\u00e1tk\u00e9 komentovan\u00e9 prohl\u00eddky se konaj\u00ed ka\u017ed\u00fd den, jejich \u010dasy najdete na tabuli v ERLEBNISLAND <a href=\"https:\/\/erlebnisland-mathematik.de\/cs\/mathslive\/\" class=\"more-link\">&#8230;<span class=\"screen-reader-text\">  MathsLive<\/span><\/a><\/p>\n","protected":false},"author":2,"featured_media":0,"parent":0,"menu_order":0,"comment_status":"closed","ping_status":"closed","template":"","meta":{"_acf_changed":false,"footnotes":""},"folder":[],"class_list":["post-5481","page","type-page","status-publish","hentry"],"acf":[],"_links":{"self":[{"href":"https:\/\/erlebnisland-mathematik.de\/cs\/wp-json\/wp\/v2\/pages\/5481","targetHints":{"allow":["GET"]}}],"collection":[{"href":"https:\/\/erlebnisland-mathematik.de\/cs\/wp-json\/wp\/v2\/pages"}],"about":[{"href":"https:\/\/erlebnisland-mathematik.de\/cs\/wp-json\/wp\/v2\/types\/page"}],"author":[{"embeddable":true,"href":"https:\/\/erlebnisland-mathematik.de\/cs\/wp-json\/wp\/v2\/users\/2"}],"replies":[{"embeddable":true,"href":"https:\/\/erlebnisland-mathematik.de\/cs\/wp-json\/wp\/v2\/comments?post=5481"}],"version-history":[{"count":7,"href":"https:\/\/erlebnisland-mathematik.de\/cs\/wp-json\/wp\/v2\/pages\/5481\/revisions"}],"predecessor-version":[{"id":5489,"href":"https:\/\/erlebnisland-mathematik.de\/cs\/wp-json\/wp\/v2\/pages\/5481\/revisions\/5489"}],"wp:attachment":[{"href":"https:\/\/erlebnisland-mathematik.de\/cs\/wp-json\/wp\/v2\/media?parent=5481"}],"wp:term":[{"taxonomy":"folder","embeddable":true,"href":"https:\/\/erlebnisland-mathematik.de\/cs\/wp-json\/wp\/v2\/folder?post=5481"}],"curies":[{"name":"wp","href":"https:\/\/api.w.org\/{rel}","templated":true}]}}