{"id":3585,"date":"2022-08-05T09:23:43","date_gmt":"2022-08-05T07:23:43","guid":{"rendered":"https:\/\/erlebnisland-mathematik.de\/?page_id=3585"},"modified":"2024-11-27T14:00:05","modified_gmt":"2024-11-27T13:00:05","slug":"in-depth-texts","status":"publish","type":"page","link":"https:\/\/erlebnisland-mathematik.de\/en\/in-depth-texts\/","title":{"rendered":"Advanced Texts"},"content":{"rendered":"<div class=\"wpb-content-wrapper\"><p>[vc_row][vc_column width=&#8221;2\/3&#8243;][vc_column_text]<\/p>\n<h1>Advanced Texts<\/h1>\n<p>Maybe you want to go deeper into mathematics. Then you&#8217;ve come to the right place with the advanced texts. Here you will find mathematical and historical background information on many of the exhibits. The texts are constantly being updated with new ones. So feel free to check back in the future.[\/vc_column_text][vc_row_inner][vc_column_inner width=&#8221;1\/2&#8243;][vc_column_text]<\/p>\n<h3>3<\/h3>\n<p>[\/vc_column_text]<div class=\"link-mit-icon txt\">\n\t\t\t\t\t\t\t\t\t\t<a title=\"3 times 4\" href=\"https:\/\/erlebnisland-mathematik.de\/en\/consolidation-text-3-times-4\/\" target=\"_self\">3 times 4<\/a>\n\t\t\t\t\t\t\t\t    <\/div>[vc_column_text css=&#8221;.vc_custom_1664882667237{margin-bottom: 5px !important;}&#8221;]<\/p>\n<h3>A<\/h3>\n<p>[\/vc_column_text]<div class=\"link-mit-icon txt\">\n\t\t\t\t\t\t\t\t\t\t<a title=\"Archimedes' Screw\" href=\"https:\/\/erlebnisland-mathematik.de\/en\/advanced-text-archimedes-screw\/\" target=\"_self\">Archimedes Screw<\/a>\n\t\t\t\t\t\t\t\t    <\/div>[vc_column_text css=&#8221;.vc_custom_1664882679600{margin-bottom: 5px !important;}&#8221;]<\/p>\n<h3>B<\/h3>\n<p>[\/vc_column_text]<div class=\"link-mit-icon txt\">\n\t\t\t\t\t\t\t\t\t\t<a title=\"Benford's Law\" href=\"https:\/\/erlebnisland-mathematik.de\/en\/advanced-text-benfords-law\/\" target=\"_self\">Benford's Law<\/a>\n\t\t\t\t\t\t\t\t    <\/div>[vc_column_text css=&#8221;.vc_custom_1664882685421{margin-bottom: 5px !important;}&#8221;]<\/p>\n<h3>C<\/h3>\n<p>[\/vc_column_text]<div class=\"link-mit-icon txt\">\n\t\t\t\t\t\t\t\t\t\t<a title=\"Conway-Cube\" href=\"https:\/\/erlebnisland-mathematik.de\/en\/advanced-text-conway-cube\/\" target=\"_self\">Conway-Cube<\/a>\n\t\t\t\t\t\t\t\t    <\/div><div class=\"link-mit-icon txt\">\n\t\t\t\t\t\t\t\t\t\t<a title=\"The Coriolis Fountain\" href=\"https:\/\/erlebnisland-mathematik.de\/en\/in-depth-text-the-coriolis-fountain\/\" target=\"_self\">Coriolis-Fountain<\/a>\n\t\t\t\t\t\t\t\t    <\/div><div class=\"link-mit-icon txt\">\n\t\t\t\t\t\t\t\t\t\t<a title=\"Cone Sections\" href=\"https:\/\/erlebnisland-mathematik.de\/en\/advanced-text-cone-sections\/\" target=\"_self\">Cone Sections<\/a>\n\t\t\t\t\t\t\t\t    <\/div><div class=\"link-mit-icon txt\">\n\t\t\t\t\t\t\t\t\t\t<a title=\"Crack the Code\" href=\"https:\/\/erlebnisland-mathematik.de\/en\/advanced-text-crack-the-code\/\" target=\"_self\">Crack the Code<\/a>\n\t\t\t\t\t\t\t\t    <\/div><div class=\"link-mit-icon txt\">\n\t\t\t\t\t\t\t\t\t\t<a title=\"Circle and Ellipse\" href=\"https:\/\/erlebnisland-mathematik.de\/en\/advanced-text-circle-and-ellipse\/\" target=\"_self\">Circle and Ellipse<\/a>\n\t\t\t\t\t\t\t\t    <\/div>[vc_column_text css=&#8221;.vc_custom_1664882685421{margin-bottom: 5px !important;}&#8221;]<\/p>\n<h3>D<\/h3>\n<p>[\/vc_column_text]<div class=\"link-mit-icon txt\">\n\t\t\t\t\t\t\t\t\t\t<a title=\"Dust circles\" href=\"https:\/\/erlebnisland-mathematik.de\/en\/advanced-text-dust-circles\/\" target=\"_self\">Dust circles<\/a>\n\t\t\t\t\t\t\t\t    <\/div>[vc_column_text css=&#8221;.vc_custom_1664882685421{margin-bottom: 5px !important;}&#8221;]<\/p>\n<h3>E<\/h3>\n<p>[\/vc_column_text]<div class=\"link-mit-icon txt\">\n\t\t\t\t\t\t\t\t\t\t<a title=\"Elliptic mountains and conic sections\" href=\"https:\/\/erlebnisland-mathematik.de\/en\/advanced-text-elliptical-mountains-and-conic-sections\/\" target=\"_self\">Elliptic mountains and conic sections<\/a>\n\t\t\t\t\t\t\t\t    <\/div><div class=\"link-mit-icon txt\">\n\t\t\t\t\t\t\t\t\t\t<a title=\"Euler's lines\" href=\"https:\/\/erlebnisland-mathematik.de\/en\/advanced-text-eulers-lines\/\" target=\"_self\">Euler's lines<\/a>\n\t\t\t\t\t\t\t\t    <\/div>[vc_column_text]<\/p>\n<h3>F<\/h3>\n<p>[\/vc_column_text]<div class=\"link-mit-icon txt\">\n\t\t\t\t\t\t\t\t\t\t<a title=\"Factor Clock\" href=\"https:\/\/erlebnisland-mathematik.de\/en\/deepening-text-factor-clock\/\" target=\"_self\">Factor Clock<\/a>\n\t\t\t\t\t\t\t\t    <\/div><div class=\"link-mit-icon txt\">\n\t\t\t\t\t\t\t\t\t\t<a title=\"Foucault's Pendulum\" href=\"https:\/\/erlebnisland-mathematik.de\/en\/advanced-text-foucaults-pendulum\/\" target=\"_self\">Foucault's Pendulum<\/a>\n\t\t\t\t\t\t\t\t    <\/div>[vc_column_text]<\/p>\n<h3>G<\/h3>\n<p>[\/vc_column_text]<div class=\"link-mit-icon txt\">\n\t\t\t\t\t\t\t\t\t\t<a title=\"Galilei's Tank\" href=\"https:\/\/erlebnisland-mathematik.de\/en\/advanced-text-galileo-tank\/\" target=\"_self\">Galilei's Tank<\/a>\n\t\t\t\t\t\t\t\t    <\/div><div class=\"link-mit-icon txt\">\n\t\t\t\t\t\t\t\t\t\t<a title=\"Galton Board\" href=\"https:\/\/erlebnisland-mathematik.de\/en\/advanced-text-money-clay-board\/\" target=\"_self\">Galton Board<\/a>\n\t\t\t\t\t\t\t\t    <\/div><div class=\"link-mit-icon txt\">\n\t\t\t\t\t\t\t\t\t\t<a title=\"Giant soap film\" href=\"https:\/\/erlebnisland-mathematik.de\/en\/advanced-text-giant-soap-film\/\" target=\"_self\">Giant soap film<\/a>\n\t\t\t\t\t\t\t\t    <\/div><div class=\"link-mit-icon txt\">\n\t\t\t\t\t\t\t\t\t\t<a title=\"Golden Ratio\" href=\"https:\/\/erlebnisland-mathematik.de\/en\/advanced-text-golden-section\/\" target=\"_self\">Golden Ratio<\/a>\n\t\t\t\t\t\t\t\t    <\/div>[vc_column_text]<\/p>\n<h3>H<\/h3>\n<p>[\/vc_column_text]<div class=\"link-mit-icon txt\">\n\t\t\t\t\t\t\t\t\t\t<a title=\"Have the courage\" href=\"https:\/\/erlebnisland-mathematik.de\/en\/advanced-text-have-the-courage\/\" target=\"_self\">Have the courage<\/a>\n\t\t\t\t\t\t\t\t    <\/div><div class=\"link-mit-icon txt\">\n\t\t\t\t\t\t\t\t\t\t<a title=\"How big is the area of a circle?\" href=\"https:\/\/erlebnisland-mathematik.de\/en\/advanced-text-how-big-is-the-area-of-a-circle\/\" target=\"_self\">How big is the area of a circle?<\/a>\n\t\t\t\t\t\t\t\t    <\/div>[vc_column_text]<\/p>\n<h3>I<\/h3>\n<p>[\/vc_column_text]<div class=\"link-mit-icon txt\">\n\t\t\t\t\t\t\t\t\t\t<a title=\"I am a function\" href=\"https:\/\/erlebnisland-mathematik.de\/en\/advanced-text-i-am-a-function\/\" target=\"_self\">I am a function<\/a>\n\t\t\t\t\t\t\t\t    <\/div>[vc_column_text]<\/p>\n<h3>K<\/h3>\n<p>[\/vc_column_text]<div class=\"link-mit-icon txt\">\n\t\t\t\t\t\t\t\t\t\t<a title=\"Klarner's Theorem\" href=\"https:\/\/erlebnisland-mathematik.de\/en\/advanced-text-klarners-theorem\/\" target=\"_self\">Klarner's Theorem<\/a>\n\t\t\t\t\t\t\t\t    <\/div>[vc_column_text]<\/p>\n<h3>L<\/h3>\n<p>[\/vc_column_text]<div class=\"link-mit-icon txt\">\n\t\t\t\t\t\t\t\t\t\t<a title=\"Leonardo Bridge\" href=\"https:\/\/erlebnisland-mathematik.de\/en\/advanced-text-leonardo-bridge\/\" target=\"_self\">Leonardo Bridge<\/a>\n\t\t\t\t\t\t\t\t    <\/div>[\/vc_column_inner][vc_column_inner width=&#8221;1\/2&#8243;][vc_column_text]<\/p>\n<h3>M<\/h3>\n<p>[\/vc_column_text]<div class=\"link-mit-icon txt\">\n\t\t\t\t\t\t\t\t\t\t<a title=\"Mirage\" href=\"https:\/\/erlebnisland-mathematik.de\/en\/advanced-text-mirage\/\" target=\"_self\">Mirage<\/a>\n\t\t\t\t\t\t\t\t    <\/div><div class=\"link-mit-icon txt\">\n\t\t\t\t\t\t\t\t\t\t<a title=\"M\u00f6bius Street\" href=\"https:\/\/erlebnisland-mathematik.de\/en\/advanced-text-moebius-street\/\" target=\"_self\">M\u00f6bius Street<\/a>\n\t\t\t\t\t\t\t\t    <\/div><div class=\"link-mit-icon txt\">\n\t\t\t\t\t\t\t\t\t\t<a title=\"Musical Dice Game\" href=\"https:\/\/erlebnisland-mathematik.de\/en\/advanced-text-musical-dice-game\/\" target=\"_self\">Musical Dice Game<\/a>\n\t\t\t\t\t\t\t\t    <\/div>[vc_column_text]<\/p>\n<h3>O<\/h3>\n<p>[\/vc_column_text]<div class=\"link-mit-icon txt\">\n\t\t\t\t\t\t\t\t\t\t<a title=\"Ornament\" href=\"https:\/\/erlebnisland-mathematik.de\/en\/advanced-text-ornament\/\" target=\"_self\">Ornament<\/a>\n\t\t\t\t\t\t\t\t    <\/div><div class=\"link-mit-icon txt\">\n\t\t\t\t\t\t\t\t\t\t<a title=\"Oscillatin Spheres\" href=\"https:\/\/erlebnisland-mathematik.de\/en\/advanced-text-oscillating-spheres\/\" target=\"_self\">Oscillating Spheres<\/a>\n\t\t\t\t\t\t\t\t    <\/div>[vc_column_text]<\/p>\n<h3>P<\/h3>\n<p>[\/vc_column_text]<div class=\"link-mit-icon txt\">\n\t\t\t\t\t\t\t\t\t\t<a title=\"Platonic Bodies\" href=\"https:\/\/erlebnisland-mathematik.de\/en\/advanced-text-polyhedral-crown-platonic-solids\/\" target=\"_self\">Platonic Bodies<\/a>\n\t\t\t\t\t\t\t\t    <\/div><div class=\"link-mit-icon txt\">\n\t\t\t\t\t\t\t\t\t\t<a title=\"Pythagoras to lay\" href=\"https:\/\/erlebnisland-mathematik.de\/en\/advanced-text-pythagoras-to-lay\/\" target=\"_self\">Pythagoras to lay<\/a>\n\t\t\t\t\t\t\t\t    <\/div><div class=\"link-mit-icon txt\">\n\t\t\t\t\t\t\t\t\t\t<a title=\"Pythagorean Theorem\" href=\"https:\/\/erlebnisland-mathematik.de\/en\/advanced-text-pythagorean-theorem\/\" target=\"_self\">Pythagorean Theorem<\/a>\n\t\t\t\t\t\t\t\t    <\/div>[vc_column_text]<\/p>\n<h3>R<\/h3>\n<p>[\/vc_column_text]<div class=\"link-mit-icon txt\">\n\t\t\t\t\t\t\t\t\t\t<a title=\"Rotating mirror\" href=\"https:\/\/erlebnisland-mathematik.de\/en\/advanced-text-rotating-mirror\/\" target=\"_self\">Rotating mirror<\/a>\n\t\t\t\t\t\t\t\t    <\/div><div class=\"link-mit-icon txt\">\n\t\t\t\t\t\t\t\t\t\t<a title=\"Round trips through saxony\" href=\"https:\/\/erlebnisland-mathematik.de\/en\/advanced-text-round-trips-through-saxony\/\" target=\"_self\">Round trips through saxony<\/a>\n\t\t\t\t\t\t\t\t    <\/div>[vc_column_text]<\/p>\n<h3>S<\/h3>\n<p>[\/vc_column_text]<div class=\"link-mit-icon txt\">\n\t\t\t\t\t\t\t\t\t\t<a title=\"Shortest distances on the globe\" href=\"https:\/\/erlebnisland-mathematik.de\/en\/advanced-text-shortest-distance-on-the-globe\/\" target=\"_self\">Shortest distance on the globe<\/a>\n\t\t\t\t\t\t\t\t    <\/div><div class=\"link-mit-icon txt\">\n\t\t\t\t\t\t\t\t\t\t<a title=\"Shadows of Objects\" href=\"https:\/\/erlebnisland-mathematik.de\/en\/advanced-text-shadows-of-objects\/\" target=\"_self\">Shadows of Objects<\/a>\n\t\t\t\t\t\t\t\t    <\/div><div class=\"link-mit-icon txt\">\n\t\t\t\t\t\t\t\t\t\t<a title=\"Sine\" href=\"https:\/\/erlebnisland-mathematik.de\/en\/advanced-text-sine\/\" target=\"_self\">Sine<\/a>\n\t\t\t\t\t\t\t\t    <\/div><div class=\"link-mit-icon txt\">\n\t\t\t\t\t\t\t\t\t\t<a title=\"Smarties\" href=\"https:\/\/erlebnisland-mathematik.de\/en\/advanced-text-smarties\/\" target=\"_self\">Smarties<\/a>\n\t\t\t\t\t\t\t\t    <\/div><div class=\"link-mit-icon txt\">\n\t\t\t\t\t\t\t\t\t\t<a title=\"Sound Gyro\" href=\"https:\/\/erlebnisland-mathematik.de\/en\/advanced-text-sound-gyro\/\" target=\"_self\">Sound Gyro<\/a>\n\t\t\t\t\t\t\t\t    <\/div><div class=\"link-mit-icon txt\">\n\t\t\t\t\t\t\t\t\t\t<a title=\"Sum of the square numbers\" href=\"https:\/\/erlebnisland-mathematik.de\/en\/advanced-text-proof-without-words-sum-of-the-square-numbers\/\" target=\"_self\">Sum of the square numbers<\/a>\n\t\t\t\t\t\t\t\t    <\/div>[vc_column_text]<\/p>\n<h3>T<\/h3>\n<p>[\/vc_column_text]<div class=\"link-mit-icon txt\">\n\t\t\t\t\t\t\t\t\t\t<a title=\"The circle number \u03c0\" href=\"https:\/\/erlebnisland-mathematik.de\/en\/advanced-text-the-circle-number-%cf%80\/\" target=\"_self\">The circle number \u03c0<\/a>\n\t\t\t\t\t\t\t\t    <\/div><div class=\"link-mit-icon txt\">\n\t\t\t\t\t\t\t\t\t\t<a title=\"The Circular Surface\" href=\"https:\/\/erlebnisland-mathematik.de\/en\/advanced-text-the-circular-surface\/\" target=\"_self\">The Circular Surface<\/a>\n\t\t\t\t\t\t\t\t    <\/div><div class=\"link-mit-icon txt\">\n\t\t\t\t\t\t\t\t\t\t<a title=\"Tracery\" href=\"https:\/\/erlebnisland-mathematik.de\/en\/advanced-text-tracery\/\" target=\"_self\">Tracery<\/a>\n\t\t\t\t\t\t\t\t    <\/div><div class=\"link-mit-icon txt\">\n\t\t\t\t\t\t\t\t\t\t<a title=\"Triadic Triangles\" href=\"https:\/\/erlebnisland-mathematik.de\/en\/deepening-text-triad-triangles\/\" target=\"_self\">Triad Triangles<\/a>\n\t\t\t\t\t\t\t\t    <\/div><div class=\"link-mit-icon txt\">\n\t\t\t\t\t\t\t\t\t\t<a title=\"Triad Polyeder\" href=\"https:\/\/erlebnisland-mathematik.de\/en\/advanced-text-triad-polyhedron\/\" target=\"_self\">Triad Polyeder<\/a>\n\t\t\t\t\t\t\t\t    <\/div><div class=\"link-mit-icon txt\">\n\t\t\t\t\t\t\t\t\t\t<a title=\"Toggle lights\" href=\"https:\/\/erlebnisland-mathematik.de\/en\/deepening-text-toggle-lights\/\" target=\"_self\">Toggle Lights<\/a>\n\t\t\t\t\t\t\t\t    <\/div><div class=\"link-mit-icon txt\">\n\t\t\t\t\t\t\t\t\t\t<a title=\"Tower of Ionah\" href=\"https:\/\/erlebnisland-mathematik.de\/en\/advanced-text-tower-of-ionah\/\" target=\"_self\">Tower of Ionah<\/a>\n\t\t\t\t\t\t\t\t    <\/div><div class=\"link-mit-icon txt\">\n\t\t\t\t\t\t\t\t\t\t<a title=\"Twelve Corners\" href=\"https:\/\/erlebnisland-mathematik.de\/en\/advanced-text-proof-without-words-twelve-corners\/\" target=\"_self\">Twelve Corners<\/a>\n\t\t\t\t\t\t\t\t    <\/div>[vc_column_text]<\/p>\n<h3>W<\/h3>\n<p>[\/vc_column_text]<div class=\"link-mit-icon txt\">\n\t\t\t\t\t\t\t\t\t\t<a title=\"Wobble Stone\" href=\"https:\/\/erlebnisland-mathematik.de\/en\/advanced-text-wobble-stone\/\" target=\"_self\">Wobble Stone<\/a>\n\t\t\t\t\t\t\t\t    <\/div><div class=\"link-mit-icon txt\">\n\t\t\t\t\t\t\t\t\t\t<a title=\"World Population Clock\" href=\"https:\/\/erlebnisland-mathematik.de\/en\/advanced-text-world-population-clock\/\" target=\"_self\">World Population Clock<\/a>\n\t\t\t\t\t\t\t\t    <\/div><div class=\"link-mit-icon txt\">\n\t\t\t\t\t\t\t\t\t\t<a title=\"Wonderfull Soap Films\" href=\"https:\/\/erlebnisland-mathematik.de\/en\/advanced-text-wonderful-soap-films\/\" target=\"_self\">Wonderful Soap Films<\/a>\n\t\t\t\t\t\t\t\t    <\/div>[vc_column_text]<\/p>\n<h3>Y<\/h3>\n<p>[\/vc_column_text]<div class=\"link-mit-icon txt\">\n\t\t\t\t\t\t\t\t\t\t<a title=\"Yam\u0101t\u0101r\u0101jabh\u0101nasalag\u0101\" href=\"https:\/\/erlebnisland-mathematik.de\/en\/advanced-text-yamatarajabhanasalaga\/\" target=\"_self\">Yam\u0101t\u0101r\u0101jabh\u0101nasalag\u0101<\/a>\n\t\t\t\t\t\t\t\t    <\/div>[vc_column_text]<\/p>\n<p>&nbsp;<\/p>\n<p>[\/vc_column_text][\/vc_column_inner][\/vc_row_inner][\/vc_column][vc_column width=&#8221;1\/3&#8243;][vc_single_image drownbiest=&#8221;img-to-biest-1&#8243; image=&#8221;2940&#8243; img_size=&#8221;large&#8221;][\/vc_single_image][\/vc_column][\/vc_row]<\/p>\n<\/div>","protected":false},"excerpt":{"rendered":"<p>[vc_row][vc_column width=&#8221;2\/3&#8243;][vc_column_text] Advanced Texts Maybe you want to go deeper into mathematics. Then you&#8217;ve come to the right place with the advanced texts. Here you will find mathematical and historical background information on many of the exhibits. The texts are constantly being updated with new ones. So feel free to check back in the future.[\/vc_column_text][vc_row_inner][vc_column_inner <a href=\"https:\/\/erlebnisland-mathematik.de\/en\/in-depth-texts\/\" class=\"more-link\">&#8230;<span class=\"screen-reader-text\">  Advanced Texts<\/span><\/a><\/p>\n","protected":false},"author":1,"featured_media":0,"parent":0,"menu_order":0,"comment_status":"closed","ping_status":"closed","template":"","meta":{"_acf_changed":false,"footnotes":""},"folder":[],"class_list":["post-3585","page","type-page","status-publish","hentry"],"acf":[],"_links":{"self":[{"href":"https:\/\/erlebnisland-mathematik.de\/en\/wp-json\/wp\/v2\/pages\/3585","targetHints":{"allow":["GET"]}}],"collection":[{"href":"https:\/\/erlebnisland-mathematik.de\/en\/wp-json\/wp\/v2\/pages"}],"about":[{"href":"https:\/\/erlebnisland-mathematik.de\/en\/wp-json\/wp\/v2\/types\/page"}],"author":[{"embeddable":true,"href":"https:\/\/erlebnisland-mathematik.de\/en\/wp-json\/wp\/v2\/users\/1"}],"replies":[{"embeddable":true,"href":"https:\/\/erlebnisland-mathematik.de\/en\/wp-json\/wp\/v2\/comments?post=3585"}],"version-history":[{"count":43,"href":"https:\/\/erlebnisland-mathematik.de\/en\/wp-json\/wp\/v2\/pages\/3585\/revisions"}],"predecessor-version":[{"id":5936,"href":"https:\/\/erlebnisland-mathematik.de\/en\/wp-json\/wp\/v2\/pages\/3585\/revisions\/5936"}],"wp:attachment":[{"href":"https:\/\/erlebnisland-mathematik.de\/en\/wp-json\/wp\/v2\/media?parent=3585"}],"wp:term":[{"taxonomy":"folder","embeddable":true,"href":"https:\/\/erlebnisland-mathematik.de\/en\/wp-json\/wp\/v2\/folder?post=3585"}],"curies":[{"name":"wp","href":"https:\/\/api.w.org\/{rel}","templated":true}]}}