{"id":4154,"date":"2022-09-09T10:37:28","date_gmt":"2022-09-09T08:37:28","guid":{"rendered":"https:\/\/erlebnisland-mathematik.de\/?page_id=4154"},"modified":"2023-06-21T11:44:38","modified_gmt":"2023-06-21T09:44:38","slug":"advanced-text-proof-without-words-twelve-corners","status":"publish","type":"page","link":"https:\/\/erlebnisland-mathematik.de\/en\/advanced-text-proof-without-words-twelve-corners\/","title":{"rendered":"Advanced Text Proof without Words: Twelve Corners"},"content":{"rendered":"<div class=\"wpb-content-wrapper\"><p>[vc_row drowwidth=&#8221;sidebar-biest-default sidebar-biest&#8221;][vc_column][vc_column_text]<\/p>\n<h1>Proof without words: Twelve corners<\/h1>\n<p> Here we are again dealing with a <a href=\"https:\/\/erlebnisland-mathematik.de\/ausstellung\/beweis-ohne-worte\" target=\"_blank\" rel=\"noopener\"><em>proof without words<\/em><\/a> and the <a href=\"http:\/\/test.erlebnisland-mathematik.de\/ausstellung\/#kreiszahlpi\" target=\"_blank\" rel=\"noopener\"><em>circular number <img loading=\"lazy\" decoding=\"async\" src=\"https:\/\/erlebnisland-mathematik.de\/wp-content\/ql-cache\/quicklatex.com-d5ba86bd1732813f67e7dc0189d079a1_l3.png\" class=\"ql-img-inline-formula quicklatex-auto-format\" alt=\"&#92;&#112;&#105;\" title=\"Rendered by QuickLaTeX.com\" height=\"8\" width=\"11\" style=\"vertical-align: 0px;\"\/>.<\/em><\/a> What is the area of a <a href=\"https:\/\/en.wikipedia.org\/wiki\/Dodecagon\" target=\"_blank\" rel=\"noopener\"><em>regular dodecagon<\/em><\/a> that has a circumcircle of <em><a href=\"https:\/\/en.wikipedia.org\/wiki\/Circumscribed_circle\" target=\"_blank\" rel=\"noopener\">radius<\/a><\/em> <img loading=\"lazy\" decoding=\"async\" src=\"https:\/\/erlebnisland-mathematik.de\/wp-content\/ql-cache\/quicklatex.com-944b639fac108eeaa2c6d93a67fde8cb_l3.png\" class=\"ql-img-inline-formula quicklatex-auto-format\" alt=\"&#114;&#61;&#49;\" title=\"Rendered by QuickLaTeX.com\" height=\"12\" width=\"39\" style=\"vertical-align: 0px;\"\/>? The puzzle you have in front of you provides an answer in an amazingly simple way: Put the pieces together so that they form three squares of equal size with an edge length of one. Since <em>equality of content<\/em> follows from <em>equality of decomposition<\/em>, the area of the given dodecagon must be exactly <img loading=\"lazy\" decoding=\"async\" src=\"https:\/\/erlebnisland-mathematik.de\/wp-content\/ql-cache\/quicklatex.com-7329ab2ca3906d5b32a0eabfa4c97c9e_l3.png\" class=\"ql-img-inline-formula quicklatex-auto-format\" alt=\"&#65;&#61;&#51;\" title=\"Rendered by QuickLaTeX.com\" height=\"13\" width=\"44\" style=\"vertical-align: 0px;\"\/>. This is also close to the circle number <img loading=\"lazy\" decoding=\"async\" src=\"https:\/\/erlebnisland-mathematik.de\/wp-content\/ql-cache\/quicklatex.com-d5ba86bd1732813f67e7dc0189d079a1_l3.png\" class=\"ql-img-inline-formula quicklatex-auto-format\" alt=\"&#92;&#112;&#105;\" title=\"Rendered by QuickLaTeX.com\" height=\"8\" width=\"11\" style=\"vertical-align: 0px;\"\/>, which is the area of the unit circle (and <img loading=\"lazy\" decoding=\"async\" src=\"https:\/\/erlebnisland-mathematik.de\/wp-content\/ql-cache\/quicklatex.com-bf4dc4360df6d7781cafc2895f8fe202_l3.png\" class=\"ql-img-inline-formula quicklatex-auto-format\" alt=\"&#51;&#92;&#108;&#116;&#92;&#112;&#105;\" title=\"Rendered by QuickLaTeX.com\" height=\"14\" width=\"44\" style=\"vertical-align: -2px;\"\/>).[\/vc_column_text][vc_column_text]<\/p>\n<h3>And now &#8230; the mathematics:<\/h3>\n<p>[\/vc_column_text][vc_column_text]We can easily calculate the area of the regular dodecagon. However, it is not immediately obvious why this results in such a beautiful whole number. Nevertheless, we want to do this here shortly. To do this, we divide the dodecagon into twelve equal sectors &#8212; as in Figure 1 below. Each of these sectors is an <a href=\"https:\/\/en.wikipedia.org\/wiki\/Isosceles_triangle\" target=\"_blank\" rel=\"noopener\"><em>isosceles triangle<\/em><\/a> whose angle at the apex is equal to <img loading=\"lazy\" decoding=\"async\" src=\"https:\/\/erlebnisland-mathematik.de\/wp-content\/ql-cache\/quicklatex.com-273edd9d9e4de5c954489e1c93d1f35d_l3.png\" class=\"ql-img-inline-formula quicklatex-auto-format\" alt=\"&#92;&#97;&#108;&#112;&#104;&#97;&#61;&#50;&#92;&#112;&#105;&#47;&#49;&#50;&#61;&#92;&#112;&#105;&#47;&#54;\" title=\"Rendered by QuickLaTeX.com\" height=\"19\" width=\"134\" style=\"vertical-align: -5px;\"\/>. This is composed of two <em><a href=\"https:\/\/en.wikipedia.org\/wiki\/Right_triangle\" target=\"_blank\" rel=\"noopener\">equal right triangles<\/a><\/em> whose <em>hypotenuse<\/em> has length <img loading=\"lazy\" decoding=\"async\" src=\"https:\/\/erlebnisland-mathematik.de\/wp-content\/ql-cache\/quicklatex.com-944b639fac108eeaa2c6d93a67fde8cb_l3.png\" class=\"ql-img-inline-formula quicklatex-auto-format\" alt=\"&#114;&#61;&#49;\" title=\"Rendered by QuickLaTeX.com\" height=\"12\" width=\"39\" style=\"vertical-align: 0px;\"\/> and which each have an acute angle of <img loading=\"lazy\" decoding=\"async\" src=\"https:\/\/erlebnisland-mathematik.de\/wp-content\/ql-cache\/quicklatex.com-ce7cac7c85b16b8b3c2718f3bfc4ad4d_l3.png\" class=\"ql-img-inline-formula quicklatex-auto-format\" alt=\"&#92;&#97;&#108;&#112;&#104;&#97;&#47;&#50;&#61;&#92;&#112;&#105;&#47;&#49;&#50;\" title=\"Rendered by QuickLaTeX.com\" height=\"19\" width=\"90\" style=\"vertical-align: -5px;\"\/> (they meet along the bisector of <img loading=\"lazy\" decoding=\"async\" src=\"https:\/\/erlebnisland-mathematik.de\/wp-content\/ql-cache\/quicklatex.com-a5be00eb4dd7b030f7c4d1ff90d0d19e_l3.png\" class=\"ql-img-inline-formula quicklatex-auto-format\" alt=\"&#92;&#97;&#108;&#112;&#104;&#97;\" title=\"Rendered by QuickLaTeX.com\" height=\"8\" width=\"11\" style=\"vertical-align: 0px;\"\/>). The area of one of these triangles <img loading=\"lazy\" decoding=\"async\" src=\"https:\/\/erlebnisland-mathematik.de\/wp-content\/ql-cache\/quicklatex.com-a4b9dac68417e59ab658d914fd7f0e4b_l3.png\" class=\"ql-img-inline-formula quicklatex-auto-format\" alt=\"&#65;&#95;&#92;&#68;&#101;&#108;&#116;&#97;\" title=\"Rendered by QuickLaTeX.com\" height=\"16\" width=\"23\" style=\"vertical-align: -3px;\"\/> is thus given by <\/p>\n<p class=\"ql-center-displayed-equation\" style=\"line-height: 37px;\"><span class=\"ql-right-eqno\"> &nbsp; <\/span><span class=\"ql-left-eqno\"> &nbsp; <\/span><img loading=\"lazy\" decoding=\"async\" src=\"https:\/\/erlebnisland-mathematik.de\/wp-content\/ql-cache\/quicklatex.com-74bebb2a97f840f5702c27eb9550678d_l3.png\" height=\"37\" width=\"87\" class=\"ql-img-displayed-equation quicklatex-auto-format\" alt=\"&#92;&#91;&#65;&#95;&#92;&#68;&#101;&#108;&#116;&#97;&#61;&#92;&#102;&#114;&#97;&#99;&#123;&#97;&#92;&#99;&#100;&#111;&#116;&#32;&#104;&#125;&#123;&#50;&#125;&#44;&#92;&#93;\" title=\"Rendered by QuickLaTeX.com\"\/><\/p>\n<p>where <img loading=\"lazy\" decoding=\"async\" src=\"https:\/\/erlebnisland-mathematik.de\/wp-content\/ql-cache\/quicklatex.com-257a8ff50082f387c96ed391c555a28d_l3.png\" class=\"ql-img-inline-formula quicklatex-auto-format\" alt=\"&#97;\" title=\"Rendered by QuickLaTeX.com\" height=\"8\" width=\"8\" style=\"vertical-align: 0px;\"\/> is the length of the base &#8212; i.e. <img loading=\"lazy\" decoding=\"async\" src=\"https:\/\/erlebnisland-mathematik.de\/wp-content\/ql-cache\/quicklatex.com-a9bc193b123fe9138a0dbcf2be6249b7_l3.png\" class=\"ql-img-inline-formula quicklatex-auto-format\" alt=\"&#97;&#61;&#92;&#115;&#105;&#110;&#40;&#92;&#97;&#108;&#112;&#104;&#97;&#47;&#50;&#41;\" title=\"Rendered by QuickLaTeX.com\" height=\"19\" width=\"94\" style=\"vertical-align: -5px;\"\/> &#8212; and <img loading=\"lazy\" decoding=\"async\" src=\"https:\/\/erlebnisland-mathematik.de\/wp-content\/ql-cache\/quicklatex.com-62f5aca2faffc8c50dd90dbbce6ec60a_l3.png\" class=\"ql-img-inline-formula quicklatex-auto-format\" alt=\"&#104;\" title=\"Rendered by QuickLaTeX.com\" height=\"13\" width=\"8\" style=\"vertical-align: 0px;\"\/> is the height &#8212; i.e. <img loading=\"lazy\" decoding=\"async\" src=\"https:\/\/erlebnisland-mathematik.de\/wp-content\/ql-cache\/quicklatex.com-11f4f79312d9e8a069f3e310dc4c1fa3_l3.png\" class=\"ql-img-inline-formula quicklatex-auto-format\" alt=\"&#104;&#61;&#92;&#99;&#111;&#115;&#40;&#92;&#97;&#108;&#112;&#104;&#97;&#47;&#50;&#41;&#46;\" title=\"Rendered by QuickLaTeX.com\" height=\"19\" width=\"103\" style=\"vertical-align: -5px;\"\/> Thus we get <\/p>\n<p class=\"ql-center-displayed-equation\" style=\"line-height: 38px;\"><span class=\"ql-right-eqno\"> &nbsp; <\/span><span class=\"ql-left-eqno\"> &nbsp; <\/span><img loading=\"lazy\" decoding=\"async\" src=\"https:\/\/erlebnisland-mathematik.de\/wp-content\/ql-cache\/quicklatex.com-775c01fa991e00f0a55c39e252cfdb65_l3.png\" height=\"38\" width=\"188\" class=\"ql-img-displayed-equation quicklatex-auto-format\" alt=\"&#92;&#91;&#65;&#95;&#92;&#68;&#101;&#108;&#116;&#97;&#61;&#92;&#102;&#114;&#97;&#99;&#123;&#92;&#115;&#105;&#110;&#40;&#92;&#97;&#108;&#112;&#104;&#97;&#47;&#50;&#41;&#92;&#99;&#111;&#115;&#40;&#92;&#97;&#108;&#112;&#104;&#97;&#47;&#50;&#41;&#125;&#123;&#50;&#125;&#46;&#92;&#93;\" title=\"Rendered by QuickLaTeX.com\"\/><\/p>\n<p>Now we can use the <em><a href=\"https:\/\/en.wikipedia.org\/wiki\/List_of_trigonometric_identities#Angle_sum_and_difference_identities\" target=\"_blank\" rel=\"noopener\">addition theorem<\/a><\/em> for the sine and in this way we get <\/p>\n<p class=\"ql-center-displayed-equation\" style=\"line-height: 38px;\"><span class=\"ql-right-eqno\"> &nbsp; <\/span><span class=\"ql-left-eqno\"> &nbsp; <\/span><img loading=\"lazy\" decoding=\"async\" src=\"https:\/\/erlebnisland-mathematik.de\/wp-content\/ql-cache\/quicklatex.com-359e98c8a79fe412f04a34c5bf410926_l3.png\" height=\"38\" width=\"299\" class=\"ql-img-displayed-equation quicklatex-auto-format\" alt=\"&#92;&#91;&#65;&#95;&#92;&#68;&#101;&#108;&#116;&#97;&#61;&#92;&#102;&#114;&#97;&#99;&#123;&#50;&#92;&#115;&#105;&#110;&#40;&#92;&#97;&#108;&#112;&#104;&#97;&#47;&#50;&#41;&#92;&#99;&#111;&#115;&#40;&#92;&#97;&#108;&#112;&#104;&#97;&#47;&#50;&#41;&#125;&#123;&#52;&#125;&#61;&#92;&#102;&#114;&#97;&#99;&#123;&#92;&#115;&#105;&#110;&#40;&#50;&#92;&#97;&#108;&#112;&#104;&#97;&#47;&#50;&#41;&#125;&#123;&#52;&#125;&#46;&#92;&#93;\" title=\"Rendered by QuickLaTeX.com\"\/><\/p>\n<p>But what is the sine of the angle <img loading=\"lazy\" decoding=\"async\" src=\"https:\/\/erlebnisland-mathematik.de\/wp-content\/ql-cache\/quicklatex.com-a5be00eb4dd7b030f7c4d1ff90d0d19e_l3.png\" class=\"ql-img-inline-formula quicklatex-auto-format\" alt=\"&#92;&#97;&#108;&#112;&#104;&#97;\" title=\"Rendered by QuickLaTeX.com\" height=\"8\" width=\"11\" style=\"vertical-align: 0px;\"\/>? To do this, observe that the interior angle at each corner of an equilateral triangle is exactly <img loading=\"lazy\" decoding=\"async\" src=\"https:\/\/erlebnisland-mathematik.de\/wp-content\/ql-cache\/quicklatex.com-7dd57febd346cdbd84c970ebd72034f8_l3.png\" class=\"ql-img-inline-formula quicklatex-auto-format\" alt=\"&#92;&#112;&#105;&#47;&#51;&#61;&#54;&#48;&#94;&#92;&#99;&#105;&#114;&#99;\" title=\"Rendered by QuickLaTeX.com\" height=\"19\" width=\"77\" style=\"vertical-align: -5px;\"\/>, i.e. exactly twice <img loading=\"lazy\" decoding=\"async\" src=\"https:\/\/erlebnisland-mathematik.de\/wp-content\/ql-cache\/quicklatex.com-a5be00eb4dd7b030f7c4d1ff90d0d19e_l3.png\" class=\"ql-img-inline-formula quicklatex-auto-format\" alt=\"&#92;&#97;&#108;&#112;&#104;&#97;\" title=\"Rendered by QuickLaTeX.com\" height=\"8\" width=\"11\" style=\"vertical-align: 0px;\"\/>. Thus the sine of <img loading=\"lazy\" decoding=\"async\" src=\"https:\/\/erlebnisland-mathematik.de\/wp-content\/ql-cache\/quicklatex.com-a5be00eb4dd7b030f7c4d1ff90d0d19e_l3.png\" class=\"ql-img-inline-formula quicklatex-auto-format\" alt=\"&#92;&#97;&#108;&#112;&#104;&#97;\" title=\"Rendered by QuickLaTeX.com\" height=\"8\" width=\"11\" style=\"vertical-align: 0px;\"\/> is exactly <img loading=\"lazy\" decoding=\"async\" src=\"https:\/\/erlebnisland-mathematik.de\/wp-content\/ql-cache\/quicklatex.com-d68f31314aa2094e38f98f1bc88bcc1a_l3.png\" class=\"ql-img-inline-formula quicklatex-auto-format\" alt=\"&#49;&#47;&#50;\" title=\"Rendered by QuickLaTeX.com\" height=\"19\" width=\"25\" style=\"vertical-align: -5px;\"\/>, because this is the ratio in which an angle bisector in an equilateral triangle intersects the opposite side.<\/p>\n<p>So the sector with the peak of the angle <img loading=\"lazy\" decoding=\"async\" src=\"https:\/\/erlebnisland-mathematik.de\/wp-content\/ql-cache\/quicklatex.com-a5be00eb4dd7b030f7c4d1ff90d0d19e_l3.png\" class=\"ql-img-inline-formula quicklatex-auto-format\" alt=\"&#92;&#97;&#108;&#112;&#104;&#97;\" title=\"Rendered by QuickLaTeX.com\" height=\"8\" width=\"11\" style=\"vertical-align: 0px;\"\/> has exactly the area <\/p>\n<p class=\"ql-center-displayed-equation\" style=\"line-height: 19px;\"><span class=\"ql-right-eqno\"> &nbsp; <\/span><span class=\"ql-left-eqno\"> &nbsp; <\/span><img loading=\"lazy\" decoding=\"async\" src=\"https:\/\/erlebnisland-mathematik.de\/wp-content\/ql-cache\/quicklatex.com-665d95b5ca51e8c3894f888606484c5c_l3.png\" height=\"19\" width=\"244\" class=\"ql-img-displayed-equation quicklatex-auto-format\" alt=\"&#92;&#91;&#65;&#95;&#123;&#83;&#125;&#61;&#50;&#65;&#95;&#92;&#68;&#101;&#108;&#116;&#97;&#61;&#50;&#92;&#99;&#100;&#111;&#116;&#49;&#47;&#50;&#92;&#99;&#100;&#111;&#116;&#49;&#47;&#52;&#61;&#49;&#47;&#52;&#46;&#92;&#93;\" title=\"Rendered by QuickLaTeX.com\"\/><\/p>\n<p>So if we take all twelve sectors together, we get exactly an area of <img loading=\"lazy\" decoding=\"async\" src=\"https:\/\/erlebnisland-mathematik.de\/wp-content\/ql-cache\/quicklatex.com-4af57094c8f2292c35d0747a41f46ea9_l3.png\" class=\"ql-img-inline-formula quicklatex-auto-format\" alt=\"&#49;&#50;&#92;&#99;&#100;&#111;&#116;&#32;&#49;&#47;&#52;&#61;&#51;\" title=\"Rendered by QuickLaTeX.com\" height=\"19\" width=\"89\" style=\"vertical-align: -5px;\"\/> for the dodecagon.<\/p>\n<p>But why is this area such a beautiful number? Now &#8212; this has to do with the nice properties of the angle <img loading=\"lazy\" decoding=\"async\" src=\"https:\/\/erlebnisland-mathematik.de\/wp-content\/ql-cache\/quicklatex.com-ec3363114ea4d43ab36c5a38b0b2291e_l3.png\" class=\"ql-img-inline-formula quicklatex-auto-format\" alt=\"&#92;&#97;&#108;&#112;&#104;&#97;&#61;&#92;&#112;&#105;&#47;&#51;&#61;&#54;&#48;&#94;&#92;&#99;&#105;&#114;&#99;\" title=\"Rendered by QuickLaTeX.com\" height=\"19\" width=\"112\" style=\"vertical-align: -5px;\"\/>, because via this we get the value <img loading=\"lazy\" decoding=\"async\" src=\"https:\/\/erlebnisland-mathematik.de\/wp-content\/ql-cache\/quicklatex.com-90b89058f42f2b5c2552bf8939b966e3_l3.png\" class=\"ql-img-inline-formula quicklatex-auto-format\" alt=\"&#92;&#115;&#105;&#110;&#40;&#92;&#97;&#108;&#112;&#104;&#97;&#41;&#61;&#92;&#115;&#105;&#110;&#40;&#51;&#48;&#94;&#92;&#99;&#105;&#114;&#99;&#41;&#61;&#49;&#47;&#52;\" title=\"Rendered by QuickLaTeX.com\" height=\"19\" width=\"179\" style=\"vertical-align: -5px;\"\/>. At least that is the reason in the above calculation.[\/vc_column_text][vc_single_image image=&#8221;1059&#8243; img_size=&#8221;large&#8221; alignment=&#8221;center&#8221;]Figure 1: The &#8220;<a href=\"https:\/\/erlebnisland-mathematik.de\/en\/?post_type=exponat&amp;p=3492\">Twelve Corners<\/a>&#8221; exhibit[\/vc_single_image][vc_column_text]However, if you are looking for a more descriptive reason, we can only refer you to the explanation provided by the exhibit itself. It should be noted at this point that the square and the dodecagon are the only regular polygons that have an <em><a href=\"https:\/\/en.wikipedia.org\/wiki\/Regular_polygon\" target=\"_blank\" rel=\"noopener\">area<\/a><\/em> that is a <a href=\"https:\/\/en.wikipedia.org\/wiki\/Rational_number\" target=\"_blank\" rel=\"noopener\"><em>rational number<\/em><\/a> for a radius of <img loading=\"lazy\" decoding=\"async\" src=\"https:\/\/erlebnisland-mathematik.de\/wp-content\/ql-cache\/quicklatex.com-944b639fac108eeaa2c6d93a67fde8cb_l3.png\" class=\"ql-img-inline-formula quicklatex-auto-format\" alt=\"&#114;&#61;&#49;\" title=\"Rendered by QuickLaTeX.com\" height=\"12\" width=\"39\" style=\"vertical-align: 0px;\"\/>. However, the area of each such polygon is always a <em><a href=\"https:\/\/en.wikipedia.org\/wiki\/Algebraic_number\" target=\"_blank\" rel=\"noopener\">algebraic number.<\/a><\/em> A famous <em><a href=\"https:\/\/en.wikipedia.org\/wiki\/Constructible_polygon\" target=\"_blank\" rel=\"noopener\">theorem<\/a><\/em> of the mathematician <em><a href=\"https:\/\/en.wikipedia.org\/wiki\/Carl_Friedrich_Gauss\" target=\"_blank\" rel=\"noopener\">Carl Friedrich Gauss<\/a><\/em> states that such a regular <img loading=\"lazy\" decoding=\"async\" src=\"https:\/\/erlebnisland-mathematik.de\/wp-content\/ql-cache\/quicklatex.com-8ad02d5f0d297c7adacb6b8c4f9fee74_l3.png\" class=\"ql-img-inline-formula quicklatex-auto-format\" alt=\"&#110;\" title=\"Rendered by QuickLaTeX.com\" height=\"8\" width=\"8\" style=\"vertical-align: 0px;\"\/>-gon is constructible with compass and ruler exactly when the number <img loading=\"lazy\" decoding=\"async\" src=\"https:\/\/erlebnisland-mathematik.de\/wp-content\/ql-cache\/quicklatex.com-8ad02d5f0d297c7adacb6b8c4f9fee74_l3.png\" class=\"ql-img-inline-formula quicklatex-auto-format\" alt=\"&#110;\" title=\"Rendered by QuickLaTeX.com\" height=\"8\" width=\"8\" style=\"vertical-align: 0px;\"\/> can be written as <img loading=\"lazy\" decoding=\"async\" src=\"https:\/\/erlebnisland-mathematik.de\/wp-content\/ql-cache\/quicklatex.com-33625dfab4c801a16817a73ed270bcad_l3.png\" class=\"ql-img-inline-formula quicklatex-auto-format\" alt=\"&#110;&#61;&#50;&#94;&#107;&#32;&#112;&#95;&#49;&#92;&#99;&#100;&#111;&#116;&#115;&#32;&#112;&#95;&#108;\" title=\"Rendered by QuickLaTeX.com\" height=\"19\" width=\"107\" style=\"vertical-align: -4px;\"\/>, where <img loading=\"lazy\" decoding=\"async\" src=\"https:\/\/erlebnisland-mathematik.de\/wp-content\/ql-cache\/quicklatex.com-7c858a19665350fd3410ed2772d8663e_l3.png\" class=\"ql-img-inline-formula quicklatex-auto-format\" alt=\"&#107;&#92;&#103;&#101;&#113;&#32;&#48;\" title=\"Rendered by QuickLaTeX.com\" height=\"16\" width=\"42\" style=\"vertical-align: -3px;\"\/> is an integer and <img loading=\"lazy\" decoding=\"async\" src=\"https:\/\/erlebnisland-mathematik.de\/wp-content\/ql-cache\/quicklatex.com-c35f24fbbec64a87d89b5a1b80c33845_l3.png\" class=\"ql-img-inline-formula quicklatex-auto-format\" alt=\"&#112;&#95;&#49;&#44;&#92;&#108;&#100;&#111;&#116;&#115;&#44;&#112;&#95;&#108;\" title=\"Rendered by QuickLaTeX.com\" height=\"12\" width=\"64\" style=\"vertical-align: -4px;\"\/> are so-called <a href=\"https:\/\/en.wikipedia.org\/wiki\/Fermat_number\" target=\"_blank\" rel=\"noopener\"><em>Fermat primes<\/em><\/a> are (these are such <a href=\"https:\/\/en.wikipedia.org\/wiki\/Prime_number\" target=\"_blank\" rel=\"noopener\"><em>Prime numbers<\/em><\/a> which can be written as <img loading=\"lazy\" decoding=\"async\" src=\"https:\/\/erlebnisland-mathematik.de\/wp-content\/ql-cache\/quicklatex.com-a24f956bc54601b27b5eaf14e8848fe9_l3.png\" class=\"ql-img-inline-formula quicklatex-auto-format\" alt=\"&#112;&#61;&#50;&#94;&#123;&#50;&#94;&#101;&#125;&#43;&#49;\" title=\"Rendered by QuickLaTeX.com\" height=\"20\" width=\"86\" style=\"vertical-align: -4px;\"\/>, named after the mathematician <a href=\"https:\/\/en.wikipedia.org\/wiki\/Pierre_de_Fermat\" target=\"_blank\" rel=\"noopener\"><em>Pierre de Fermat<\/em><\/a>). This is due to the fact that <img loading=\"lazy\" decoding=\"async\" src=\"https:\/\/erlebnisland-mathematik.de\/wp-content\/ql-cache\/quicklatex.com-84be78879c8ffc2ef059325a351ead82_l3.png\" class=\"ql-img-inline-formula quicklatex-auto-format\" alt=\"&#92;&#115;&#105;&#110;&#40;&#92;&#97;&#108;&#112;&#104;&#97;&#41;\" title=\"Rendered by QuickLaTeX.com\" height=\"19\" width=\"44\" style=\"vertical-align: -5px;\"\/> with <img loading=\"lazy\" decoding=\"async\" src=\"https:\/\/erlebnisland-mathematik.de\/wp-content\/ql-cache\/quicklatex.com-f7154f6b3b6312b72bc5828d9d9d853a_l3.png\" class=\"ql-img-inline-formula quicklatex-auto-format\" alt=\"&#92;&#97;&#108;&#112;&#104;&#97;&#61;&#50;&#92;&#112;&#105;&#47;&#110;\" title=\"Rendered by QuickLaTeX.com\" height=\"19\" width=\"73\" style=\"vertical-align: -5px;\"\/> is exactly for these values <img loading=\"lazy\" decoding=\"async\" src=\"https:\/\/erlebnisland-mathematik.de\/wp-content\/ql-cache\/quicklatex.com-8ad02d5f0d297c7adacb6b8c4f9fee74_l3.png\" class=\"ql-img-inline-formula quicklatex-auto-format\" alt=\"&#110;\" title=\"Rendered by QuickLaTeX.com\" height=\"8\" width=\"8\" style=\"vertical-align: 0px;\"\/> a so-called <em>constructible number<\/em> &#8212; that is, one that can be represented as an expression with only integers, <img loading=\"lazy\" decoding=\"async\" src=\"https:\/\/erlebnisland-mathematik.de\/wp-content\/ql-cache\/quicklatex.com-0fc93dab660ffb4109ef76d9b09ed7d8_l3.png\" class=\"ql-img-inline-formula quicklatex-auto-format\" alt=\"&#43;\" title=\"Rendered by QuickLaTeX.com\" height=\"13\" width=\"13\" style=\"vertical-align: -2px;\"\/>, <img loading=\"lazy\" decoding=\"async\" src=\"https:\/\/erlebnisland-mathematik.de\/wp-content\/ql-cache\/quicklatex.com-a070c27ba7851d26a631f4e56dd1c471_l3.png\" class=\"ql-img-inline-formula quicklatex-auto-format\" alt=\"&#45;\" title=\"Rendered by QuickLaTeX.com\" height=\"1\" width=\"12\" style=\"vertical-align: 4px;\"\/> and square roots <img loading=\"lazy\" decoding=\"async\" src=\"https:\/\/erlebnisland-mathematik.de\/wp-content\/ql-cache\/quicklatex.com-7035fadea71e6ac69a1c985e9285ebf4_l3.png\" class=\"ql-img-inline-formula quicklatex-auto-format\" alt=\"&#92;&#115;&#113;&#114;&#116;&#123;&#92;&#99;&#100;&#111;&#116;&#125;\" title=\"Rendered by QuickLaTeX.com\" height=\"18\" width=\"19\" style=\"vertical-align: -4px;\"\/>.[\/vc_column_text][vc_column_text]<\/p>\n<h3>Literature<\/h3>\n<p>[\/vc_column_text][vc_column_text][1] <a href=\"https:\/\/en.wikipedia.org\/wiki\/Regular_polygon\" target=\"_blank\" rel=\"noopener\">https:\/\/de.wikipedia.org\/wiki\/Regelma\u00dfiges_Polygon<\/a><\/p>\n<p>[2] <a href=\"https:\/\/en.wikipedia.org\/wiki\/Constructible_polygon\" target=\"_blank\" rel=\"noopener\">https:\/\/de.wikipedia.org\/wiki\/Konstruierbares_Polygon<\/a><\/p>\n<p>[3] <a href=\"https:\/\/en.wikipedia.org\/wiki\/Dodecagon#Regular_dodecagon\" target=\"_blank\" rel=\"noopener\">https:\/\/de.wikipedia.org\/wiki\/Zw\u00f6lfeck#Regelm\u00e4\u00dfiges_Zw\u00f6lfeck<\/a>[\/vc_column_text][\/vc_column][\/vc_row]<\/p>\n<\/div>","protected":false},"excerpt":{"rendered":"<p>[vc_row drowwidth=&#8221;sidebar-biest-default sidebar-biest&#8221;][vc_column][vc_column_text] Proof without words: Twelve corners Here we are again dealing with a proof without words and the circular number . What is the area of a regular dodecagon that has a circumcircle of radius ? The puzzle you have in front of you provides an answer in an amazingly simple way: Put <a href=\"https:\/\/erlebnisland-mathematik.de\/en\/advanced-text-proof-without-words-twelve-corners\/\" class=\"more-link\">&#8230;<span class=\"screen-reader-text\">  Advanced Text Proof without Words: Twelve Corners<\/span><\/a><\/p>\n","protected":false},"author":2,"featured_media":0,"parent":0,"menu_order":0,"comment_status":"closed","ping_status":"closed","template":"","meta":{"_acf_changed":false,"footnotes":""},"folder":[],"class_list":["post-4154","page","type-page","status-publish","hentry"],"acf":[],"_links":{"self":[{"href":"https:\/\/erlebnisland-mathematik.de\/en\/wp-json\/wp\/v2\/pages\/4154","targetHints":{"allow":["GET"]}}],"collection":[{"href":"https:\/\/erlebnisland-mathematik.de\/en\/wp-json\/wp\/v2\/pages"}],"about":[{"href":"https:\/\/erlebnisland-mathematik.de\/en\/wp-json\/wp\/v2\/types\/page"}],"author":[{"embeddable":true,"href":"https:\/\/erlebnisland-mathematik.de\/en\/wp-json\/wp\/v2\/users\/2"}],"replies":[{"embeddable":true,"href":"https:\/\/erlebnisland-mathematik.de\/en\/wp-json\/wp\/v2\/comments?post=4154"}],"version-history":[{"count":22,"href":"https:\/\/erlebnisland-mathematik.de\/en\/wp-json\/wp\/v2\/pages\/4154\/revisions"}],"predecessor-version":[{"id":4675,"href":"https:\/\/erlebnisland-mathematik.de\/en\/wp-json\/wp\/v2\/pages\/4154\/revisions\/4675"}],"wp:attachment":[{"href":"https:\/\/erlebnisland-mathematik.de\/en\/wp-json\/wp\/v2\/media?parent=4154"}],"wp:term":[{"taxonomy":"folder","embeddable":true,"href":"https:\/\/erlebnisland-mathematik.de\/en\/wp-json\/wp\/v2\/folder?post=4154"}],"curies":[{"name":"wp","href":"https:\/\/api.w.org\/{rel}","templated":true}]}}