{"id":4320,"date":"2022-09-12T15:59:28","date_gmt":"2022-09-12T13:59:28","guid":{"rendered":"https:\/\/erlebnisland-mathematik.de\/?page_id=4320"},"modified":"2023-01-26T14:25:50","modified_gmt":"2023-01-26T13:25:50","slug":"advanced-text-leonardo-bridge","status":"publish","type":"page","link":"https:\/\/erlebnisland-mathematik.de\/en\/advanced-text-leonardo-bridge\/","title":{"rendered":"Advanced text Leonardo Bridge"},"content":{"rendered":"<div class=\"wpb-content-wrapper\"><p>[vc_row drowwidth=&#8221;sidebar-biest-default sidebar-biest&#8221;][vc_column][vc_column_text]<\/p>\n<h1>Leonardo Bridge<\/h1>\n<p> Thanks to the Italian sculptor and art collector at the Spanish court of <em>Philip II,<\/em> <em>Pompeo Leoni<\/em> (1533&#8211;1608), the artistic and scientific estate of the outstanding Renaissance artist and scientist <em>Leonardo da Vinci<\/em> (1452&#8211;1519), collected in the so-called <em>Codex Atlanticus<\/em>, has been preserved to this day. This codex, which is kept in the <em>Ambrosian Library<\/em> in Milan, also contains some drawings with which Leonardo constructed an extraordinary bridge. The &#8220;<em>Leonardo Bridge<\/em>&#8221; is composed exclusively of boards, without these being connected by means of dowels, screws, nails, ropes or glue. Of course, the individual boards are shorter than the obstacle to be spanned &#8212; a river, for example.[\/vc_column_text][vc_single_image image=&#8221;1361&#8243; img_size=&#8221;large&#8221; alignment=&#8221;center&#8221;]Figure 1: Leonardo Bridge[\/vc_single_image][vc_column_text]The stability of such a bridge results solely from the position of the individual boards supporting each other. The <em>&#8220;instructions for the construction of very light and easily transportable bridges, with which the enemy can be pursued and put to flight&#8221;<\/em> (Leonardo da Vinci, 1483) was not the only invention of the artist who painted the &#8220;<em>Mona Lisa<\/em>&#8220;. The universal genius Leonardo also designed, among other things, sluice gates, spinning machines and paddle wheel boats.[\/vc_column_text][vc_column_text]<\/p>\n<h3>And now &#8230; the mathematics:<\/h3>\n<p>[\/vc_column_text][vc_column_text]The smallest bridge that can be built according to the principle invented by Leonardo da Vinci consists of eight boards. Each extension requires 4 new boards.<\/p>\n<p>Of course, the question of how large the maximum span of the Leonardo Bridge can be is of particular interest. For the smallest bridge, the following sketch (cf. <em>Hans Humenberger<\/em>) gives the following results:[\/vc_column_text][vc_single_image image=&#8221;1365&#8243; img_size=&#8221;large&#8221; alignment=&#8221;center&#8221;]Figure 2: The Leonardo Bridge with eight boards[\/vc_single_image][vc_column_text]The span <img loading=\"lazy\" decoding=\"async\" src=\"https:\/\/erlebnisland-mathematik.de\/wp-content\/ql-cache\/quicklatex.com-90023ef8d650e74c9e91161b3b2f09a3_l3.png\" class=\"ql-img-inline-formula quicklatex-auto-format\" alt=\"&#115;\" title=\"Rendered by QuickLaTeX.com\" height=\"8\" width=\"8\" style=\"vertical-align: 0px;\"\/> can thus be determined in the following way: <\/p>\n<p class=\"ql-center-displayed-equation\" style=\"line-height: 21px;\"><span class=\"ql-right-eqno\"> &nbsp; <\/span><span class=\"ql-left-eqno\"> &nbsp; <\/span><img loading=\"lazy\" decoding=\"async\" src=\"https:\/\/erlebnisland-mathematik.de\/wp-content\/ql-cache\/quicklatex.com-73599e788d52f673a292ee8bee7590a5_l3.png\" height=\"21\" width=\"245\" class=\"ql-img-displayed-equation quicklatex-auto-format\" alt=\"&#92;&#91;&#115;&#61;&#92;&#108;&#118;&#101;&#114;&#116;&#92;&#111;&#118;&#101;&#114;&#108;&#105;&#110;&#101;&#123;&#65;&#68;&#125;&#92;&#114;&#118;&#101;&#114;&#116;&#61;&#92;&#108;&#118;&#101;&#114;&#116;&#92;&#111;&#118;&#101;&#114;&#108;&#105;&#110;&#101;&#123;&#65;&#67;&#125;&#92;&#114;&#118;&#101;&#114;&#116;&#43;&#92;&#108;&#118;&#101;&#114;&#116;&#92;&#111;&#118;&#101;&#114;&#108;&#105;&#110;&#101;&#123;&#66;&#68;&#125;&#92;&#114;&#118;&#101;&#114;&#116;&#45;&#92;&#108;&#118;&#101;&#114;&#116;&#92;&#111;&#118;&#101;&#114;&#108;&#105;&#110;&#101;&#123;&#66;&#67;&#125;&#92;&#114;&#118;&#101;&#114;&#116;&#46;&#92;&#93;\" title=\"Rendered by QuickLaTeX.com\"\/><\/p>\n<p>So that gives <\/p>\n<p class=\"ql-center-displayed-equation\" style=\"line-height: 21px;\"><span class=\"ql-right-eqno\"> &nbsp; <\/span><span class=\"ql-left-eqno\"> &nbsp; <\/span><img loading=\"lazy\" decoding=\"async\" src=\"https:\/\/erlebnisland-mathematik.de\/wp-content\/ql-cache\/quicklatex.com-d260f08f234ba849a6f9841984604bbc_l3.png\" height=\"21\" width=\"134\" class=\"ql-img-displayed-equation quicklatex-auto-format\" alt=\"&#92;&#91;&#115;&#61;&#50;&#92;&#108;&#118;&#101;&#114;&#116;&#92;&#111;&#118;&#101;&#114;&#108;&#105;&#110;&#101;&#123;&#65;&#67;&#125;&#92;&#114;&#118;&#101;&#114;&#116;&#45;&#92;&#108;&#118;&#101;&#114;&#116;&#92;&#111;&#118;&#101;&#114;&#108;&#105;&#110;&#101;&#123;&#69;&#70;&#125;&#92;&#114;&#118;&#101;&#114;&#116;&#46;&#92;&#93;\" title=\"Rendered by QuickLaTeX.com\"\/><\/p>\n<p> Therefore, <img loading=\"lazy\" decoding=\"async\" src=\"https:\/\/erlebnisland-mathematik.de\/wp-content\/ql-cache\/quicklatex.com-fca2bb59fce7541b9eaf38ad7b61da07_l3.png\" class=\"ql-img-inline-formula quicklatex-auto-format\" alt=\"&#115;&#61;&#50;&#108;&#92;&#99;&#111;&#115;&#40;&#92;&#97;&#108;&#112;&#104;&#97;&#41;&#45;&#50;&#100;&#47;&#92;&#115;&#105;&#110;&#40;&#92;&#97;&#108;&#112;&#104;&#97;&#41;\" title=\"Rendered by QuickLaTeX.com\" height=\"19\" width=\"196\" style=\"vertical-align: -5px;\"\/>. Specifically for <img loading=\"lazy\" decoding=\"async\" src=\"https:\/\/erlebnisland-mathematik.de\/wp-content\/ql-cache\/quicklatex.com-2016014c5e9d0134472a011d82773d48_l3.png\" class=\"ql-img-inline-formula quicklatex-auto-format\" alt=\"&#108;&#61;&#51;&#53;&#92;&#109;&#97;&#116;&#104;&#114;&#109;&#123;&#100;&#109;&#125;\" title=\"Rendered by QuickLaTeX.com\" height=\"13\" width=\"69\" style=\"vertical-align: 0px;\"\/> and <img loading=\"lazy\" decoding=\"async\" src=\"https:\/\/erlebnisland-mathematik.de\/wp-content\/ql-cache\/quicklatex.com-302bf2ee13e459cd50b784878139180f_l3.png\" class=\"ql-img-inline-formula quicklatex-auto-format\" alt=\"&#100;&#61;&#49;&#44;&#48;&#49;&#92;&#109;&#97;&#116;&#104;&#114;&#109;&#123;&#100;&#109;&#125;\" title=\"Rendered by QuickLaTeX.com\" height=\"16\" width=\"90\" style=\"vertical-align: -3px;\"\/>, this gives the following graphical representation of the function <img loading=\"lazy\" decoding=\"async\" src=\"https:\/\/erlebnisland-mathematik.de\/wp-content\/ql-cache\/quicklatex.com-cc58d41e248fdeeeb600384ebdc1d896_l3.png\" class=\"ql-img-inline-formula quicklatex-auto-format\" alt=\"&#115;&#61;&#115;&#40;&#92;&#97;&#108;&#112;&#104;&#97;&#41;\" title=\"Rendered by QuickLaTeX.com\" height=\"19\" width=\"64\" style=\"vertical-align: -5px;\"\/> with <img loading=\"lazy\" decoding=\"async\" src=\"https:\/\/erlebnisland-mathematik.de\/wp-content\/ql-cache\/quicklatex.com-34941b234a8f84fdd2e7a69e5addab29_l3.png\" class=\"ql-img-inline-formula quicklatex-auto-format\" alt=\"&#92;&#97;&#108;&#112;&#104;&#97;&#95;&#123;&#92;&#109;&#105;&#110;&#125;&#92;&#108;&#116;&#92;&#97;&#108;&#112;&#104;&#97;&#92;&#108;&#116;&#92;&#97;&#108;&#112;&#104;&#97;&#95;&#123;&#92;&#109;&#97;&#120;&#125;\" title=\"Rendered by QuickLaTeX.com\" height=\"13\" width=\"128\" style=\"vertical-align: -3px;\"\/> in radians:[\/vc_column_text][vc_single_image image=&#8221;1369&#8243; img_size=&#8221;large&#8221; alignment=&#8221;center&#8221;]Figure 3: Length of the Leonardo bridge as a function of <img loading=\"lazy\" decoding=\"async\" src=\"https:\/\/erlebnisland-mathematik.de\/wp-content\/ql-cache\/quicklatex.com-a5be00eb4dd7b030f7c4d1ff90d0d19e_l3.png\" class=\"ql-img-inline-formula quicklatex-auto-format\" alt=\"&#92;&#97;&#108;&#112;&#104;&#97;\" title=\"Rendered by QuickLaTeX.com\" height=\"8\" width=\"11\" style=\"vertical-align: 0px;\"\/>[\/vc_single_image][vc_column_text]The maximum value for <img loading=\"lazy\" decoding=\"async\" src=\"https:\/\/erlebnisland-mathematik.de\/wp-content\/ql-cache\/quicklatex.com-90023ef8d650e74c9e91161b3b2f09a3_l3.png\" class=\"ql-img-inline-formula quicklatex-auto-format\" alt=\"&#115;\" title=\"Rendered by QuickLaTeX.com\" height=\"8\" width=\"8\" style=\"vertical-align: 0px;\"\/> in this particular case is found for <img loading=\"lazy\" decoding=\"async\" src=\"https:\/\/erlebnisland-mathematik.de\/wp-content\/ql-cache\/quicklatex.com-ad825302044f17a8204bdcd84b0a3089_l3.png\" class=\"ql-img-inline-formula quicklatex-auto-format\" alt=\"&#92;&#97;&#108;&#112;&#104;&#97;&#61;&#48;&#46;&#51;&#48;&#54;&#54;&#54;&#92;&#108;&#100;&#111;&#116;&#115;\" title=\"Rendered by QuickLaTeX.com\" height=\"12\" width=\"110\" style=\"vertical-align: 0px;\"\/> in radians, i.e. <img loading=\"lazy\" decoding=\"async\" src=\"https:\/\/erlebnisland-mathematik.de\/wp-content\/ql-cache\/quicklatex.com-f6443738a384732c7d24c3d395056b3b_l3.png\" class=\"ql-img-inline-formula quicklatex-auto-format\" alt=\"&#92;&#97;&#108;&#112;&#104;&#97;&#61;&#49;&#55;&#46;&#53;&#55;&#94;&#92;&#99;&#105;&#114;&#99;\" title=\"Rendered by QuickLaTeX.com\" height=\"12\" width=\"83\" style=\"vertical-align: 0px;\"\/>. In general, the (optimal) value of the angle of rise <img loading=\"lazy\" decoding=\"async\" src=\"https:\/\/erlebnisland-mathematik.de\/wp-content\/ql-cache\/quicklatex.com-28d7ebd9d4755d8abd48cc54f070421e_l3.png\" class=\"ql-img-inline-formula quicklatex-auto-format\" alt=\"&#92;&#97;&#108;&#112;&#104;&#97;&#61;&#92;&#97;&#108;&#112;&#104;&#97;&#95;&#123;&#92;&#109;&#97;&#116;&#104;&#114;&#109;&#123;&#111;&#112;&#116;&#125;&#125;\" title=\"Rendered by QuickLaTeX.com\" height=\"14\" width=\"65\" style=\"vertical-align: -6px;\"\/> leading to a maximum range <img loading=\"lazy\" decoding=\"async\" src=\"https:\/\/erlebnisland-mathematik.de\/wp-content\/ql-cache\/quicklatex.com-90023ef8d650e74c9e91161b3b2f09a3_l3.png\" class=\"ql-img-inline-formula quicklatex-auto-format\" alt=\"&#115;\" title=\"Rendered by QuickLaTeX.com\" height=\"8\" width=\"8\" style=\"vertical-align: 0px;\"\/> is a solution of the equation <\/p>\n<p class=\"ql-center-displayed-equation\" style=\"line-height: 22px;\"><span class=\"ql-right-eqno\"> &nbsp; <\/span><span class=\"ql-left-eqno\"> &nbsp; <\/span><img loading=\"lazy\" decoding=\"async\" src=\"https:\/\/erlebnisland-mathematik.de\/wp-content\/ql-cache\/quicklatex.com-54806593dec9b4e1b5408e5619baa14f_l3.png\" height=\"22\" width=\"146\" class=\"ql-img-displayed-equation quicklatex-auto-format\" alt=\"&#92;&#91;&#100;&#92;&#99;&#111;&#115;&#40;&#92;&#97;&#108;&#112;&#104;&#97;&#41;&#61;&#108;&#92;&#115;&#105;&#110;&#94;&#51;&#40;&#92;&#97;&#108;&#112;&#104;&#97;&#41;&#92;&#93;\" title=\"Rendered by QuickLaTeX.com\"\/><\/p>\n<p>as is easily obtained by derivation.[\/vc_column_text][vc_column_text]<\/p>\n<h3>Literature<\/h3>\n<p>[\/vc_column_text][vc_column_text][1] Beutelspacher, A. u.a.:<em> Mathematik zum Anfassen<\/em>, Mathematikum, Gie\u00dfen, 2005.<\/p>\n<p>[2] Humenberger, H.: <em>Die Leonardo-Br\u00fccke. Mathematische und praktische Aktivit\u00e4tenrund um die Leonardo-Br\u00fccke<\/em>, in: Der Mathematikunterricht 57 (4), S. 34&#8211;54, 2011.<\/p>\n<p>[3] Z\u00f6llner, F.: <em>Leonardo da Vinci<\/em>, K\u00f6lln, 2006.[\/vc_column_text][\/vc_column][\/vc_row]<\/p>\n<\/div>","protected":false},"excerpt":{"rendered":"<p>[vc_row drowwidth=&#8221;sidebar-biest-default sidebar-biest&#8221;][vc_column][vc_column_text] Leonardo Bridge Thanks to the Italian sculptor and art collector at the Spanish court of Philip II, Pompeo Leoni (1533&#8211;1608), the artistic and scientific estate of the outstanding Renaissance artist and scientist Leonardo da Vinci (1452&#8211;1519), collected in the so-called Codex Atlanticus, has been preserved to this day. This codex, which is <a href=\"https:\/\/erlebnisland-mathematik.de\/en\/advanced-text-leonardo-bridge\/\" class=\"more-link\">&#8230;<span class=\"screen-reader-text\">  Advanced text Leonardo Bridge<\/span><\/a><\/p>\n","protected":false},"author":2,"featured_media":0,"parent":0,"menu_order":0,"comment_status":"closed","ping_status":"closed","template":"","meta":{"_acf_changed":false,"footnotes":""},"folder":[],"class_list":["post-4320","page","type-page","status-publish","hentry"],"acf":[],"_links":{"self":[{"href":"https:\/\/erlebnisland-mathematik.de\/en\/wp-json\/wp\/v2\/pages\/4320","targetHints":{"allow":["GET"]}}],"collection":[{"href":"https:\/\/erlebnisland-mathematik.de\/en\/wp-json\/wp\/v2\/pages"}],"about":[{"href":"https:\/\/erlebnisland-mathematik.de\/en\/wp-json\/wp\/v2\/types\/page"}],"author":[{"embeddable":true,"href":"https:\/\/erlebnisland-mathematik.de\/en\/wp-json\/wp\/v2\/users\/2"}],"replies":[{"embeddable":true,"href":"https:\/\/erlebnisland-mathematik.de\/en\/wp-json\/wp\/v2\/comments?post=4320"}],"version-history":[{"count":11,"href":"https:\/\/erlebnisland-mathematik.de\/en\/wp-json\/wp\/v2\/pages\/4320\/revisions"}],"predecessor-version":[{"id":4421,"href":"https:\/\/erlebnisland-mathematik.de\/en\/wp-json\/wp\/v2\/pages\/4320\/revisions\/4421"}],"wp:attachment":[{"href":"https:\/\/erlebnisland-mathematik.de\/en\/wp-json\/wp\/v2\/media?parent=4320"}],"wp:term":[{"taxonomy":"folder","embeddable":true,"href":"https:\/\/erlebnisland-mathematik.de\/en\/wp-json\/wp\/v2\/folder?post=4320"}],"curies":[{"name":"wp","href":"https:\/\/api.w.org\/{rel}","templated":true}]}}