{"id":4349,"date":"2022-09-12T15:19:31","date_gmt":"2022-09-12T13:19:31","guid":{"rendered":"https:\/\/erlebnisland-mathematik.de\/?page_id=4349"},"modified":"2023-01-26T14:29:57","modified_gmt":"2023-01-26T13:29:57","slug":"advanced-text-moebius-street","status":"publish","type":"page","link":"https:\/\/erlebnisland-mathematik.de\/en\/advanced-text-moebius-street\/","title":{"rendered":"Advanced text M\u00f6bius Street"},"content":{"rendered":"<div class=\"wpb-content-wrapper\"><p>[vc_row drowwidth=&#8221;sidebar-biest-default sidebar-biest&#8221;][vc_column][vc_column_text]<\/p>\n<h1>M\u00f6bius Street<\/h1>\n<p> The <em>M\u00f6bius strip<\/em> (also: <em>M\u00f6bius loop<\/em> or <em>M\u00f6bius band<\/em>) is a (two-dimensional) surface that has <em>only one edge<\/em> and <em>only one side<\/em>:[\/vc_column_text][vc_single_image image=&#8221;1315&#8243; img_size=&#8221;large&#8221; alignment=&#8221;center&#8221;]Figure 1: The M\u00f6bius strip[\/vc_single_image][vc_column_text]The M\u00f6bius strip was described independently in 1858 by the G\u00f6ttingen professor of mathematics and physics, <em>Johann Benedict Listing<\/em> (1808&#8211;1892), and the astronomer <em>August Ferdinand M\u00f6bius<\/em> (1790&#8211;1868). Mathematically, it is a non-orientable manifold.<\/p>\n<p>The construction of a M\u00f6bius strip can be understood in a simple way if one uses the comparable construction of a &#8220;<em>normal<\/em>&#8221; ring for comparison: Two long strips (of the same width) with parallel edges are cut out of a sheet of paper. In the first &#8212; the comparison strip &#8212; the two ends are smoothly joined together (e.g. glued) to form a &#8220;<em>normal<\/em>&#8221; ring. The second strip, the actual M\u00f6bius strip, is twisted half a turn (180\u00b0) before being joined. In this way, the M\u00f6bius strip becomes a fascinating little toy that can be easily made.<\/p>\n<p>Now one can observe special phenomena: The ring-shaped twisted band, although it was created in a simple way from <em>one<\/em> strip of paper with an originally <em>square<\/em> edge and a clearly definable lower surface and surface, now has only <em>one<\/em> edge and <em>one<\/em> side.<\/p>\n<p>Another way of looking at it leads to the conclusion that there is no &#8220;<em>inside<\/em>&#8221; and no &#8220;<em>outside<\/em>&#8221; on the M\u00f6bius strip, just as there is no &#8220;<em>above<\/em>&#8221; and &#8220;<em>below<\/em>&#8220;.<\/p>\n<p>The following feature is also noteworthy:<\/p>\n<p>A M\u00f6bius strip can be cut along its centre line without breaking into two separate rings half as wide as is automatically the case with the &#8220;<em>normal<\/em>&#8221; ring. The inner twist is then no longer only 180\u00b0, but 360\u00b0. If one repeats this cutting again, the M\u00f6bius strip disintegrates into two separate, intertwined individual strips.<\/p>\n<p>In the visual arts, there are now famous depictions of the M\u00f6bius strip, e.g. that of the Dutch graphic artist <em><span class=\"aCOpRe\">Maurits Cornelis Escher<\/span><\/em> (1963), the &#8220;<em>Colossus of Frankfurt<\/em>&#8221; by <em>Max Bill<\/em> (1908&#8211;1994) and the painting by the Dresden professor of geometry, <em>Gert B\u00e4r<\/em> (&#8220;<em>Catastrophe in the M\u00f6bius strip<\/em>&#8220;, 1968).<\/p>\n<p>For illustration purposes, the M\u00f6bius strip in the Maths Adventure Land is driven on by a small vehicle, the M\u00f6biusmobile (see Figure 1) (a technical masterpiece by the company &#8230;<em>tronikDesign<\/em>). It is also equipped with a mini camera whose images are continuously transmitted on a monitor. Incidentally, conveyor belts and drive belts are also manufactured as M\u00f6bius belts so that the supposed top or bottom side wears evenly.[\/vc_column_text][vc_single_image image=&#8221;1319&#8243; img_size=&#8221;large&#8221; alignment=&#8221;center&#8221;]Figure 2: The M\u00f6bius Mobile on the M\u00f6bius strip[\/vc_single_image][vc_single_image image=&#8221;1323&#8243; img_size=&#8221;large&#8221; alignment=&#8221;center&#8221;]Figure 3: The M\u00f6bius Street[\/vc_single_image][vc_single_image image=&#8221;1327&#8243; img_size=&#8221;large&#8221; alignment=&#8221;center&#8221;]Figure 4[\/vc_single_image][vc_column_text]<\/p>\n<h3>And now &#8230; the mathematics:<\/h3>\n<p>[\/vc_column_text][vc_column_text]The M\u00f6bius strip is a two-dimensional subset (area) in the three-dimensional space <img loading=\"lazy\" decoding=\"async\" src=\"https:\/\/erlebnisland-mathematik.de\/wp-content\/ql-cache\/quicklatex.com-ef2d7d592071ac850acd50b284a2a74b_l3.png\" class=\"ql-img-inline-formula quicklatex-auto-format\" alt=\"&#92;&#109;&#97;&#116;&#104;&#98;&#98;&#32;&#82;&#94;&#51;\" title=\"Rendered by QuickLaTeX.com\" height=\"15\" width=\"20\" style=\"vertical-align: 0px;\"\/>, which can be described by the following <em>parameter representation<\/em>: <\/p>\n<p class=\"ql-center-displayed-equation\" style=\"line-height: 66px;\"><span class=\"ql-right-eqno\"> &nbsp; <\/span><span class=\"ql-left-eqno\"> &nbsp; <\/span><img loading=\"lazy\" decoding=\"async\" src=\"https:\/\/erlebnisland-mathematik.de\/wp-content\/ql-cache\/quicklatex.com-68011cd1fd68aa7a35235e4d094a2d63_l3.png\" height=\"66\" width=\"276\" class=\"ql-img-displayed-equation quicklatex-auto-format\" alt=\"&#92;&#91;&#92;&#98;&#101;&#103;&#105;&#110;&#32;&#123;&#112;&#109;&#97;&#116;&#114;&#105;&#120;&#125;&#32;&#120;&#92;&#92;&#32;&#121;&#92;&#92;&#32;&#122;&#92;&#101;&#110;&#100;&#32;&#123;&#112;&#109;&#97;&#116;&#114;&#105;&#120;&#125;&#32;&#61;&#92;&#98;&#101;&#103;&#105;&#110;&#32;&#123;&#112;&#109;&#97;&#116;&#114;&#105;&#120;&#125;&#32;&#92;&#99;&#111;&#115;&#40;&#92;&#97;&#108;&#112;&#104;&#97;&#41;&#92;&#108;&#101;&#102;&#116;&#40;&#49;&#43;&#92;&#102;&#114;&#97;&#99;&#123;&#114;&#125;&#123;&#50;&#125;&#92;&#99;&#111;&#115;&#40;&#92;&#97;&#108;&#112;&#104;&#97;&#47;&#50;&#41;&#92;&#114;&#105;&#103;&#104;&#116;&#41;&#92;&#92;&#32;&#92;&#115;&#105;&#110;&#40;&#92;&#97;&#108;&#112;&#104;&#97;&#41;&#92;&#108;&#101;&#102;&#116;&#40;&#49;&#43;&#92;&#102;&#114;&#97;&#99;&#123;&#114;&#125;&#123;&#50;&#125;&#92;&#99;&#111;&#115;&#40;&#92;&#97;&#108;&#112;&#104;&#97;&#47;&#50;&#41;&#92;&#114;&#105;&#103;&#104;&#116;&#41;&#92;&#92;&#32;&#92;&#102;&#114;&#97;&#99;&#123;&#114;&#125;&#123;&#50;&#125;&#92;&#115;&#105;&#110;&#40;&#92;&#97;&#108;&#112;&#104;&#97;&#47;&#50;&#41;&#92;&#101;&#110;&#100;&#123;&#112;&#109;&#97;&#116;&#114;&#105;&#120;&#125;&#46;&#92;&#93;\" title=\"Rendered by QuickLaTeX.com\"\/><\/p>\n<p>Here <img loading=\"lazy\" decoding=\"async\" src=\"https:\/\/erlebnisland-mathematik.de\/wp-content\/ql-cache\/quicklatex.com-dd71972bd36b3a0a46dcc9d85a82ad0d_l3.png\" class=\"ql-img-inline-formula quicklatex-auto-format\" alt=\"&#48;&#92;&#108;&#101;&#113;&#92;&#97;&#108;&#112;&#104;&#97;&#92;&#108;&#116;&#32;&#50;&#92;&#112;&#105;\" title=\"Rendered by QuickLaTeX.com\" height=\"15\" width=\"88\" style=\"vertical-align: -3px;\"\/> (&#8220;<em>orbital parameter<\/em>&#8220;) and <img loading=\"lazy\" decoding=\"async\" src=\"https:\/\/erlebnisland-mathematik.de\/wp-content\/ql-cache\/quicklatex.com-559c9ee01a996989ae8beeb75f88ff1a_l3.png\" class=\"ql-img-inline-formula quicklatex-auto-format\" alt=\"&#45;&#49;&#92;&#108;&#116;&#32;&#114;&#92;&#108;&#116;&#32;&#49;\" title=\"Rendered by QuickLaTeX.com\" height=\"14\" width=\"85\" style=\"vertical-align: -2px;\"\/> (&#8220;<em>radial parameter<\/em>&#8220;) apply.[\/vc_column_text][vc_column_text]<\/p>\n<h3>Literature<\/h3>\n<p>[\/vc_column_text][vc_column_text][1] Greenland, C.: <em data-rich-text-format-boundary=\"true\">Begegnungen auf dem M\u00f6biusband<\/em>, Roman, M\u00fcnchen, 1996.<\/p>\n<p>[2] Herges, R.:<em> M\u00f6bius, Escher, Bach &#8212; Das unendliche Band in Kunst und Wissenschaft<\/em>, in: Naturwissenschaftliche Rundschau (6\/58), Darmstadt, 2005.<\/p>\n<p>[3] Paenza, A.: <em>Mathematik durch die Hintert\u00fcr &#8212; Band 2: Vom M\u00f6biusband zum Pascalschen Dreieick &#8212; neue spannende Ausfl\u00fcge in die Welt der Zahlen<\/em>, M\u00fcnchen, 2009.[\/vc_column_text][\/vc_column][\/vc_row]<\/p>\n<\/div>","protected":false},"excerpt":{"rendered":"<p>[vc_row drowwidth=&#8221;sidebar-biest-default sidebar-biest&#8221;][vc_column][vc_column_text] M\u00f6bius Street The M\u00f6bius strip (also: M\u00f6bius loop or M\u00f6bius band) is a (two-dimensional) surface that has only one edge and only one side:[\/vc_column_text][vc_single_image image=&#8221;1315&#8243; img_size=&#8221;large&#8221; alignment=&#8221;center&#8221;]Figure 1: The M\u00f6bius strip[\/vc_single_image][vc_column_text]The M\u00f6bius strip was described independently in 1858 by the G\u00f6ttingen professor of mathematics and physics, Johann Benedict Listing (1808&#8211;1892), and the <a href=\"https:\/\/erlebnisland-mathematik.de\/en\/advanced-text-moebius-street\/\" class=\"more-link\">&#8230;<span class=\"screen-reader-text\">  Advanced text M\u00f6bius Street<\/span><\/a><\/p>\n","protected":false},"author":2,"featured_media":0,"parent":0,"menu_order":0,"comment_status":"closed","ping_status":"closed","template":"","meta":{"_acf_changed":false,"footnotes":""},"folder":[],"class_list":["post-4349","page","type-page","status-publish","hentry"],"acf":[],"_links":{"self":[{"href":"https:\/\/erlebnisland-mathematik.de\/en\/wp-json\/wp\/v2\/pages\/4349","targetHints":{"allow":["GET"]}}],"collection":[{"href":"https:\/\/erlebnisland-mathematik.de\/en\/wp-json\/wp\/v2\/pages"}],"about":[{"href":"https:\/\/erlebnisland-mathematik.de\/en\/wp-json\/wp\/v2\/types\/page"}],"author":[{"embeddable":true,"href":"https:\/\/erlebnisland-mathematik.de\/en\/wp-json\/wp\/v2\/users\/2"}],"replies":[{"embeddable":true,"href":"https:\/\/erlebnisland-mathematik.de\/en\/wp-json\/wp\/v2\/comments?post=4349"}],"version-history":[{"count":5,"href":"https:\/\/erlebnisland-mathematik.de\/en\/wp-json\/wp\/v2\/pages\/4349\/revisions"}],"predecessor-version":[{"id":4412,"href":"https:\/\/erlebnisland-mathematik.de\/en\/wp-json\/wp\/v2\/pages\/4349\/revisions\/4412"}],"wp:attachment":[{"href":"https:\/\/erlebnisland-mathematik.de\/en\/wp-json\/wp\/v2\/media?parent=4349"}],"wp:term":[{"taxonomy":"folder","embeddable":true,"href":"https:\/\/erlebnisland-mathematik.de\/en\/wp-json\/wp\/v2\/folder?post=4349"}],"curies":[{"name":"wp","href":"https:\/\/api.w.org\/{rel}","templated":true}]}}